{"id":12608,"date":"2022-01-30T13:53:11","date_gmt":"2022-01-30T12:53:11","guid":{"rendered":"https:\/\/jclps.eu\/kontakt\/"},"modified":"2022-03-03T11:02:02","modified_gmt":"2022-03-03T10:02:02","slug":"iletisim","status":"publish","type":"page","link":"https:\/\/alteseite.jclps.eu\/tr\/iletisim\/","title":{"rendered":"\u0130leti\u015fim"},"content":{"rendered":"<section class=\"l-section wpb_row us_custom_47bc6b77 height_huge\"><div class=\"l-section-overlay\" style=\"background:linear-gradient(90deg,rgba(0,0,0,0.30),rgba(255,255,255,0.00))\"><\/div><div class=\"l-section-h i-cf\"><div class=\"g-cols via_flex valign_top type_default\"><div class=\"vc_col-sm-12 vc_col-lg-12 wpb_column vc_column_container has_text_color \"><div class=\"vc_column-inner us_custom_f3307c70 us_animate_this\"><div class=\"wpb_wrapper\"><div class=\"wpb_text_column\"><div class=\"wpb_wrapper\"><h2 style=\"text-align: center;\"><b> \u0130leti\u015fim<\/b><\/h2>\n<\/div><\/div><\/div><\/div><\/div><\/div><\/div><\/section><section class=\"l-section wpb_row height_large color_alternate\"><div class=\"l-section-h i-cf\"><div class=\"g-cols via_flex valign_top type_default\"><div class=\"vc_col-sm-12 wpb_column vc_column_container \"><div class=\"vc_column-inner us_custom_f70d789f us_animate_this\"><div class=\"wpb_wrapper\"><div class=\"w-separator  hide_on_tablets hide_on_mobiles size_large\"><\/div><div class=\"wpb_text_column\"><div class=\"wpb_wrapper\"><h3 class=\"elementor-heading-title elementor-size-default\" style=\"text-align: center;\"><strong>\u0130leti\u015fim Konta\u011f\u0131n\u0131z<\/strong><\/h3>\n<\/div><\/div><div class=\"wpb_text_column\"><div class=\"wpb_wrapper\"><h5 style=\"text-align: center;\">Turbo\u00a0makineler i\u00e7in deneyimli bir servis sa\u011flay\u0131c\u0131 ve paketleme orta\u011f\u0131 ile \u00e7al\u0131\u015fmak ister misiniz? \u0130ster devreye alma, ister\u00a0yedek par\u00e7a temini, onar\u0131m veya modernizasyon olsun, sorular\u0131n\u0131z\u0131 d\u00f6rt g\u00f6zle bekliyoruz. Ayr\u0131ca iste\u011finiz \u00fczerine size referanslar\u0131m\u0131z\u0131 g\u00f6ndermekten de\u00a0memnuniyet duyar\u0131z.<\/h5>\n<\/div><\/div><div class=\"w-separator  hide_on_tablets hide_on_mobiles size_large\"><\/div><\/div><\/div><\/div><\/div><\/div><\/section><section class=\"l-section wpb_row us_custom_417d81f7 us_animate_this  hide_on_default hide_on_laptops height_auto width_full\"><div class=\"l-section-h i-cf\"><div class=\"g-cols via_flex valign_top type_default\"><div class=\"vc_col-sm-12 wpb_column vc_column_container\"><div class=\"vc_column-inner\"><div class=\"wpb_wrapper\"><div class=\"w-image has_ratio align_none\"><div class=\"w-image-h\"><div style=\"padding-bottom:75%\"><\/div><img loading=\"lazy\" decoding=\"async\" width=\"1920\" height=\"1131\" src=\"https:\/\/alteseite.jclps.eu\/wp-content\/uploads\/2021\/12\/iStock-120203977.jpg\" class=\"attachment-full size-full\" alt=\"\" srcset=\"https:\/\/alteseite.jclps.eu\/wp-content\/uploads\/2021\/12\/iStock-120203977.jpg 1920w, https:\/\/alteseite.jclps.eu\/wp-content\/uploads\/2021\/12\/iStock-120203977-300x177.jpg 300w, https:\/\/alteseite.jclps.eu\/wp-content\/uploads\/2021\/12\/iStock-120203977-1024x603.jpg 1024w\" sizes=\"auto, (max-width: 1920px) 100vw, 1920px\" \/><\/div><\/div><\/div><\/div><\/div><\/div><\/div><\/section><section class=\"l-section wpb_row height_auto\"><div class=\"l-section-h i-cf\"><div class=\"g-cols via_flex valign_middle type_default\"><div class=\"vc_col-sm-12 vc_col-lg-6 vc_col-md-6 vc_hidden-sm vc_hidden-xs wpb_column vc_column_container  has_bg_color stretched\"><div class=\"vc_column-inner us_custom_1ec16f0f us_animate_this\"><div class=\"wpb_wrapper\"><\/div><\/div><\/div><div class=\"vc_col-sm-12 vc_col-lg-6 vc_col-md-6 wpb_column vc_column_container \"><div class=\"vc_column-inner us_custom_f70d789f us_animate_this\"><div class=\"wpb_wrapper\"><div class=\"w-separator size_large\"><\/div><div class=\"g-cols wpb_row us_custom_b0e69bde via_flex valign_top type_default\"><div class=\"vc_col-sm-2 wpb_column vc_column_container\"><div class=\"vc_column-inner\"><div class=\"wpb_wrapper\"><\/div><\/div><\/div><div class=\"vc_col-sm-12 vc_col-lg-10 vc_col-md-10 wpb_column vc_column_container\"><div class=\"vc_column-inner\"><div class=\"wpb_wrapper\"><div class=\"wpb_text_column\"><div class=\"wpb_wrapper\"><h3><strong>JCL Plant Solutions GmbH<br \/>\n<\/strong><\/h3>\n<\/div><\/div><div class=\"w-separator size_medium\"><\/div><div class=\"wpb_text_column\"><div class=\"wpb_wrapper\"><h4><strong>Lokasyon :\u00a0Krefeld, Almanya<\/strong><\/h4>\n<\/div><\/div><div class=\"w-iconbox iconpos_left style_default color_primary align_left no_text\"><div class=\"w-iconbox-icon\" style=\"font-size:24px;\"><i class=\"fal fa-location-arrow\"><\/i><\/div><div class=\"w-iconbox-meta\"><p class=\"w-iconbox-title\">Von-Ketteler-Str. 36 | P.K. 47807 Krefeld | Almanya<\/p><\/div><\/div><div class=\"w-separator size_small\"><\/div><div class=\"w-iconbox iconpos_left style_default color_primary align_left no_text\"><div class=\"w-iconbox-icon\" style=\"font-size:24px;\"><i class=\"fal fa-envelope\"><\/i><\/div><div class=\"w-iconbox-meta\"><p class=\"w-iconbox-title\">office@jclps.eu<\/p><\/div><\/div><div class=\"w-separator size_medium\"><\/div><div class=\"wpb_text_column\"><div class=\"wpb_wrapper\"><h4><strong>Hizmet verdi\u011fimiz alanlar :<\/strong><\/h4>\n<\/div><\/div><div class=\"wpb_text_column\"><div class=\"wpb_wrapper\"><ul>\n<li>Turbo kompres\u00f6rler<\/li>\n<li>Turbo Genle\u015ftiriciler<\/li>\n<li>Yedek Par\u00e7alar<\/li>\n<li>Servis ve\u00a0K\u00fcresel Pazarlar<\/li>\n<\/ul>\n<\/div><\/div><\/div><\/div><\/div><\/div><div class=\"w-separator size_large\"><\/div><\/div><\/div><\/div><\/div><\/div><\/section><section class=\"l-section wpb_row us_custom_417d81f7 us_animate_this  hide_on_default hide_on_laptops height_auto width_full\"><div class=\"l-section-h i-cf\"><div class=\"g-cols via_flex valign_top type_default\"><div class=\"vc_col-sm-12 wpb_column vc_column_container\"><div class=\"vc_column-inner\"><div class=\"wpb_wrapper\"><div class=\"w-image has_ratio align_none\"><div class=\"w-image-h\"><div style=\"padding-bottom:75%\"><\/div><img loading=\"lazy\" decoding=\"async\" width=\"1920\" height=\"1131\" src=\"https:\/\/alteseite.jclps.eu\/wp-content\/uploads\/2021\/12\/iStock-120203977.jpg\" class=\"attachment-full size-full\" alt=\"\" srcset=\"https:\/\/alteseite.jclps.eu\/wp-content\/uploads\/2021\/12\/iStock-120203977.jpg 1920w, https:\/\/alteseite.jclps.eu\/wp-content\/uploads\/2021\/12\/iStock-120203977-300x177.jpg 300w, https:\/\/alteseite.jclps.eu\/wp-content\/uploads\/2021\/12\/iStock-120203977-1024x603.jpg 1024w\" sizes=\"auto, (max-width: 1920px) 100vw, 1920px\" \/><\/div><\/div><\/div><\/div><\/div><\/div><\/div><\/section><section class=\"l-section wpb_row us_custom_09e06e6f height_auto\"><div class=\"l-section-h i-cf\"><div class=\"g-cols via_flex valign_middle type_default\"><div class=\"vc_col-sm-12 vc_col-lg-6 vc_col-md-6 wpb_column vc_column_container \"><div class=\"vc_column-inner us_custom_f70d789f us_animate_this\"><div class=\"wpb_wrapper\"><div class=\"w-separator size_large\"><\/div><div class=\"g-cols wpb_row via_flex valign_top type_default\"><div class=\"vc_col-sm-12 vc_col-lg-10 vc_col-md-10 wpb_column vc_column_container\"><div class=\"vc_column-inner\"><div class=\"wpb_wrapper\"><div class=\"wpb_text_column\"><div class=\"wpb_wrapper\"><h3>JCL Turbo Ltd.<\/h3>\n<\/div><\/div><div class=\"w-separator size_medium\"><\/div><div class=\"wpb_text_column\"><div class=\"wpb_wrapper\"><h4><strong>Lokasyon :\u00a0\u0130zmir, T\u00fcrkiye<\/strong><\/h4>\n<\/div><\/div><div class=\"w-iconbox iconpos_left style_default color_primary align_left no_text\"><div class=\"w-iconbox-icon\" style=\"font-size:24px;\"><i class=\"fal fa-location-arrow\"><\/i><\/div><div class=\"w-iconbox-meta\"><p class=\"w-iconbox-title\">Sasali Merkez Mah. 46 Sok. No:10 | P.K. 35620, \u00c7igli \u2013 Izmir | T\u00fcrkiye<\/p><\/div><\/div><div class=\"w-separator size_small\"><\/div><div class=\"w-iconbox iconpos_left style_default color_primary align_left no_text\"><div class=\"w-iconbox-icon\" style=\"font-size:24px;\"><i class=\"fal fa-envelope\"><\/i><\/div><div class=\"w-iconbox-meta\"><p class=\"w-iconbox-title\">office@jclturbo.com<\/p><\/div><\/div><div class=\"w-separator size_medium\"><\/div><div class=\"wpb_text_column\"><div class=\"wpb_wrapper\"><h4><strong>Hizmet verdi\u011fimiz alanlar :<\/strong><\/h4>\n<\/div><\/div><div class=\"wpb_text_column\"><div class=\"wpb_wrapper\"><ul>\n<li>Vidal\u0131 ve Pistonlu Kompres\u00f6rler<\/li>\n<li>Torklama hizmetleri<\/li>\n<li>Delme Aletleri<\/li>\n<li>T\u00fcrkiye pazar\u0131ndaki t\u00fcm potansiyel \u00e7\u00f6z\u00fcmler<\/li>\n<\/ul>\n<\/div><\/div><\/div><\/div><\/div><div class=\"vc_col-sm-2 wpb_column vc_column_container\"><div class=\"vc_column-inner\"><div class=\"wpb_wrapper\"><\/div><\/div><\/div><\/div><div class=\"w-separator size_large\"><\/div><\/div><\/div><\/div><div class=\"vc_col-sm-12 vc_col-lg-6 vc_col-md-6 vc_hidden-sm vc_hidden-xs wpb_column vc_column_container  has_bg_color stretched\"><div class=\"vc_column-inner us_custom_1e26e5c7 us_animate_this\"><div class=\"wpb_wrapper\"><\/div><\/div><\/div><\/div><\/div><\/section>\n","protected":false},"excerpt":{"rendered":"\u0130leti\u015fim \u0130leti\u015fim Konta\u011f\u0131n\u0131z Turbo\u00a0makineler i\u00e7in deneyimli bir servis sa\u011flay\u0131c\u0131 ve paketleme orta\u011f\u0131 ile \u00e7al\u0131\u015fmak ister misiniz? \u0130ster devreye alma, ister\u00a0yedek par\u00e7a temini, onar\u0131m veya modernizasyon olsun, sorular\u0131n\u0131z\u0131 d\u00f6rt g\u00f6zle bekliyoruz. Ayr\u0131ca iste\u011finiz \u00fczerine size referanslar\u0131m\u0131z\u0131 g\u00f6ndermekten de\u00a0memnuniyet duyar\u0131z. JCL Plant Solutions GmbH Lokasyon :\u00a0Krefeld, Almanya Von-Ketteler-Str. 36 | P.K. 47807 Krefeld | Almanyaoffice@jclps.euHizmet verdi\u011fimiz alanlar...","protected":false},"author":2,"featured_media":0,"parent":0,"menu_order":0,"comment_status":"closed","ping_status":"closed","template":"","meta":{"footnotes":"","_links_to":"","_links_to_target":""},"class_list":["post-12608","page","type-page","status-publish","hentry"],"_links":{"self":[{"href":"https:\/\/alteseite.jclps.eu\/tr\/wp-json\/wp\/v2\/pages\/12608","targetHints":{"allow":["GET"]}}],"collection":[{"href":"https:\/\/alteseite.jclps.eu\/tr\/wp-json\/wp\/v2\/pages"}],"about":[{"href":"https:\/\/alteseite.jclps.eu\/tr\/wp-json\/wp\/v2\/types\/page"}],"author":[{"embeddable":true,"href":"https:\/\/alteseite.jclps.eu\/tr\/wp-json\/wp\/v2\/users\/2"}],"replies":[{"embeddable":true,"href":"https:\/\/alteseite.jclps.eu\/tr\/wp-json\/wp\/v2\/comments?post=12608"}],"version-history":[{"count":8,"href":"https:\/\/alteseite.jclps.eu\/tr\/wp-json\/wp\/v2\/pages\/12608\/revisions"}],"predecessor-version":[{"id":12690,"href":"https:\/\/alteseite.jclps.eu\/tr\/wp-json\/wp\/v2\/pages\/12608\/revisions\/12690"}],"wp:attachment":[{"href":"https:\/\/alteseite.jclps.eu\/tr\/wp-json\/wp\/v2\/media?parent=12608"}],"curies":[{"name":"wp","href":"https:\/\/api.w.org\/{rel}","templated":true}]}}