{"id":12605,"date":"2022-01-30T13:51:31","date_gmt":"2022-01-30T12:51:31","guid":{"rendered":"https:\/\/jclps.eu\/impressum\/"},"modified":"2022-03-03T11:01:11","modified_gmt":"2022-03-03T10:01:11","slug":"impressum","status":"publish","type":"page","link":"https:\/\/alteseite.jclps.eu\/tr\/impressum\/","title":{"rendered":"G\u00f6r\u00fc\u015fler"},"content":{"rendered":"<p>JCL plant solutions GmbH<br \/>\nVon-Ketteler-Str. 36<br \/>\n47807 Krefeld<br \/>\nDeutschland<\/p>\n<p>Tel.:<br \/>\nE-Mail: office@jclps.eu<\/p>\n<p>Registergericht: Amtsgericht Krefeld<br \/>\nRegisternummer: HRB 17006<\/p>\n<p>Gesch\u00e4ftsf\u00fchrer: Lennard Lischke<\/p>\n<p>Plattform der EU-Kommission zur Online-Streitbeilegung: https:\/\/ec.europa.eu\/odr<\/p>\n<p>Wir sind zur Teilnahme an einem Streitbeilegungsverfahren vor einer Verbraucherschlichtungsstelle nicht verpflichtet, hierzu jedoch bereit.<\/p>\n","protected":false},"excerpt":{"rendered":"<p>JCL plant solutions GmbH Von-Ketteler-Str. 36 47807 Krefeld Deutschland Tel.: E-Mail: office@jclps.eu Registergericht: Amtsgericht Krefeld Registernummer: HRB 17006 Gesch\u00e4ftsf\u00fchrer: Lennard Lischke Plattform der EU-Kommission zur Online-Streitbeilegung: https:\/\/ec.europa.eu\/odr Wir sind zur Teilnahme an einem Streitbeilegungsverfahren vor einer Verbraucherschlichtungsstelle nicht verpflichtet, hierzu jedoch bereit.<\/p>\n","protected":false},"author":2,"featured_media":0,"parent":0,"menu_order":0,"comment_status":"closed","ping_status":"closed","template":"","meta":{"footnotes":"","_links_to":"","_links_to_target":""},"class_list":["post-12605","page","type-page","status-publish","hentry"],"_links":{"self":[{"href":"https:\/\/alteseite.jclps.eu\/tr\/wp-json\/wp\/v2\/pages\/12605","targetHints":{"allow":["GET"]}}],"collection":[{"href":"https:\/\/alteseite.jclps.eu\/tr\/wp-json\/wp\/v2\/pages"}],"about":[{"href":"https:\/\/alteseite.jclps.eu\/tr\/wp-json\/wp\/v2\/types\/page"}],"author":[{"embeddable":true,"href":"https:\/\/alteseite.jclps.eu\/tr\/wp-json\/wp\/v2\/users\/2"}],"replies":[{"embeddable":true,"href":"https:\/\/alteseite.jclps.eu\/tr\/wp-json\/wp\/v2\/comments?post=12605"}],"version-history":[{"count":2,"href":"https:\/\/alteseite.jclps.eu\/tr\/wp-json\/wp\/v2\/pages\/12605\/revisions"}],"predecessor-version":[{"id":12688,"href":"https:\/\/alteseite.jclps.eu\/tr\/wp-json\/wp\/v2\/pages\/12605\/revisions\/12688"}],"wp:attachment":[{"href":"https:\/\/alteseite.jclps.eu\/tr\/wp-json\/wp\/v2\/media?parent=12605"}],"curies":[{"name":"wp","href":"https:\/\/api.w.org\/{rel}","templated":true}]}}