{"id":12581,"date":"2022-01-30T13:22:31","date_gmt":"2022-01-30T12:22:31","guid":{"rendered":"https:\/\/jclps.eu\/ueber-uns\/"},"modified":"2022-09-15T16:10:32","modified_gmt":"2022-09-15T14:10:32","slug":"hakkimizda","status":"publish","type":"page","link":"https:\/\/alteseite.jclps.eu\/tr\/hakkimizda\/","title":{"rendered":"Hakk\u0131m\u0131zda"},"content":{"rendered":"<section class=\"l-section wpb_row us_custom_47bc6b77 height_huge\"><div class=\"l-section-overlay\" style=\"background:linear-gradient(90deg,rgba(0,0,0,0.30),rgba(255,255,255,0.00))\"><\/div><div class=\"l-section-h i-cf\"><div class=\"g-cols via_flex valign_top type_default\"><div class=\"vc_col-sm-12 vc_col-lg-12 wpb_column vc_column_container has_text_color \"><div class=\"vc_column-inner us_custom_f3307c70 us_animate_this\"><div class=\"wpb_wrapper\"><div class=\"wpb_text_column\"><div class=\"wpb_wrapper\"><h2 style=\"text-align: center;\"><b>Hakk\u0131m\u0131zda<\/b><\/h2>\n<\/div><\/div><\/div><\/div><\/div><\/div><\/div><\/section><section class=\"l-section wpb_row height_large color_alternate\"><div class=\"l-section-h i-cf\"><div class=\"g-cols via_flex valign_top type_default\"><div class=\"vc_col-sm-12 wpb_column vc_column_container \"><div class=\"vc_column-inner us_custom_f70d789f us_animate_this\"><div class=\"wpb_wrapper\"><div class=\"wpb_text_column\"><div class=\"wpb_wrapper\"><h5 style=\"text-align: center;\">JCL, petrol ve gaz end\u00fcstrisi, hava i\u015fleme \/ hava ay\u0131rma, metal i\u015fleme veya kimya end\u00fcstrisinden \u015firketler i\u00e7in turbo makineler ve paket \u00fcniteler \u00fcretir ve bunlar\u0131 devreye al\u0131r. Aerodesign, yaz\u0131l\u0131m, elektrifikasyon, proses ve sistem teknolojisi, in\u015faat, proje y\u00f6netimi ve<br \/>\nkalite g\u00fcvence alanlar\u0131ndan deneyimli uzman bir ekip, turbo genle\u015ftiriciler, turbo kompres\u00f6rler, vidal\u0131 ve pistonlu kompres\u00f6r paketlerinin planlanmas\u0131, \u00fcretimi ve bak\u0131m\u0131 ile ilgilenir, onar\u0131mlar\u0131 yapar ve modernizasyon \u00f6nlemlerini uygular JCL\u2019nin \u00f6nemli bir hizmeti de yedek par\u00e7a temin etmek ve bunlar\u0131n montaj\u0131n\u0131 yapmakt\u0131r. G\u00fcvenilir turbo makineleri sa\u011flamak her zaman \u00f6ncelikli hedeftir, bu da \u015firketler i\u00e7in daha az bak\u0131m \u00e7abas\u0131 ve ayn\u0131 zamanda proses verimlili\u011fi anlam\u0131na gelir.<\/h5>\n<\/div><\/div><\/div><\/div><\/div><\/div><\/div><\/section><section class=\"l-section wpb_row  hide_on_default hide_on_laptops height_auto width_full\"><div class=\"l-section-h i-cf\"><div class=\"g-cols via_flex valign_top type_default\"><div class=\"vc_col-sm-12 wpb_column vc_column_container\"><div class=\"vc_column-inner\"><div class=\"wpb_wrapper\"><div class=\"w-image us_custom_417d81f7 us_animate_this align_center\"><div class=\"w-image-h\"><img loading=\"lazy\" decoding=\"async\" width=\"2560\" height=\"1920\" src=\"https:\/\/alteseite.jclps.eu\/wp-content\/uploads\/2022\/09\/TEAM-7-scaled.jpeg\" class=\"attachment-full size-full\" alt=\"\" srcset=\"https:\/\/alteseite.jclps.eu\/wp-content\/uploads\/2022\/09\/TEAM-7-scaled.jpeg 2560w, https:\/\/alteseite.jclps.eu\/wp-content\/uploads\/2022\/09\/TEAM-7-300x225.jpeg 300w, https:\/\/alteseite.jclps.eu\/wp-content\/uploads\/2022\/09\/TEAM-7-1024x768.jpeg 1024w\" sizes=\"auto, (max-width: 2560px) 100vw, 2560px\" \/><\/div><\/div><\/div><\/div><\/div><\/div><\/div><\/section><section class=\"l-section wpb_row height_auto\"><div class=\"l-section-h i-cf\"><div class=\"g-cols via_flex valign_middle type_default\"><div class=\"vc_col-sm-12 vc_col-lg-6 vc_col-md-6 vc_hidden-sm vc_hidden-xs wpb_column vc_column_container  has_bg_color stretched\"><div class=\"vc_column-inner us_custom_9cae93dd us_animate_this\"><div class=\"wpb_wrapper\"><div class=\"w-separator size_custom\" style=\"height:500px\"><\/div><\/div><\/div><\/div><div class=\"vc_col-sm-12 vc_col-lg-6 vc_col-md-6 wpb_column vc_column_container \"><div class=\"vc_column-inner us_custom_f70d789f us_animate_this\"><div class=\"wpb_wrapper\"><div class=\"w-separator size_large\"><\/div><div class=\"g-cols wpb_row via_flex valign_top type_default\"><div class=\"vc_col-sm-2 wpb_column vc_column_container\"><div class=\"vc_column-inner\"><div class=\"wpb_wrapper\"><\/div><\/div><\/div><div class=\"vc_col-sm-12 vc_col-lg-10 vc_col-md-10 wpb_column vc_column_container\"><div class=\"vc_column-inner\"><div class=\"wpb_wrapper\"><div class=\"wpb_text_column\"><div class=\"wpb_wrapper\"><h2><strong>JCL&#8217;nin Tarih\u00e7esi<br \/>\n<\/strong><\/h2>\n<\/div><\/div><div class=\"wpb_text_column with_show_more_toggle\" data-toggle-height=\"400px\"><div class=\"wpb_wrapper\"><p>\u015eirketin kurucusu Lennard Lischke, yakla\u015f\u0131k 20 y\u0131ld\u0131r makine ve tesislerin kurulumu ve bak\u0131m\u0131 konusunda \u00e7al\u0131\u015fmaktad\u0131r ve 15 y\u0131l\u0131 a\u015fk\u0131n s\u00fcredir her \u015feyden \u00f6nce turbo motor makineleri, turbo genle\u015ftiriciler konusunda uzmanla\u015fm\u0131\u015ft\u0131r. Lennard Lischke, Atlas Copco Energas \u015firketinde edindi\u011fi uzun y\u0131llara dayanan deneyimden yararlanm\u0131\u015f ve \u015firketini istikrarl\u0131 bir \u015fekilde daha da geli\u015ftirmi\u015ftir. JCL bir devreye alma ve servis \u015firketi olarak kurulmu\u015ftur. M\u00fc\u015fterilerle ileti\u015fim her zaman ilk hedefimiz olmu\u015ftur. M\u00fc\u015fterilerimizin, b\u00fcy\u00fck turbo makine \u015firketleri ile i\u015f birli\u011fi i\u00e7inde kar\u015f\u0131la\u015ft\u0131klar\u0131 hizmet ve esneklik eksikli\u011fini fark ettik. Bu nedenle m\u00fchendislik yetkinliklerimize ve deneyimlerimize g\u00f6re tasarlad\u0131\u011f\u0131m\u0131z yedek par\u00e7alar\u0131 tedarik etmeye karar verdik. \u0130smimiz yay\u0131ld\u0131 ve i\u015fin bu k\u0131sm\u0131 h\u0131zla geni\u015fledi. Daha sonra b\u00fcy\u00fck ad\u0131m\u0131 att\u0131k: Her t\u00fcrl\u00fc m\u00fc\u015fteri prosesi i\u00e7in kendi turbo makinelerini tasarlad\u0131k. Bu b\u00fcy\u00fck zorluk i\u00e7in Almanya\u2019daki tasar\u0131m ve tedarik ofisini geni\u015flettik ve T\u00fcrkiye fabrikam\u0131z\u0131 kurduk. \u015eu anda, deneyimli ekibimiz ile Almanya\u2019da tasarlanan ve \u00fcretilen kaliteyi sunuyoruz. \u0130lk hedefimizi koruyabilmek i\u00e7in esnekli\u011fimizi ve \u00e7evik \u00e7al\u0131\u015fma \u015feklimizi koruduk: m\u00fc\u015fterilerimizin beklentilerine uygun hizmet vermek. Bu vesile ile yard\u0131mc\u0131 sistemlerimizin imalat\u0131ndan sorumlu olan, yerel pazarda hizmet veren ve \u00e7e\u015fitli end\u00fcstriyel \u00e7\u00f6z\u00fcmler sunan T\u00fcrk fabrikam\u0131z taraf\u0131ndan istikrarl\u0131 bir \u015fekilde destekleniyoruz. K\u00fcreselle\u015fen pazarda s\u00fcrekli geli\u015fen standartlar, bilimsel yenilikler ve de\u011fi\u015fen ko\u015fullar m\u00fc\u015fterilerin yeni beklentilerinin olu\u015fmas\u0131na neden olmaktad\u0131r. JCL olarak esnekli\u011fimizi ve pragmatizmimizi hevesle koruyoruz. Bizim inanc\u0131m\u0131za g\u00f6re \u201chi\u00e7bir \u015fey imk\u00e2ns\u0131z de\u011fildir\u201d. Bu nedenle, her zaman yenilikleri memnuniyetle kar\u015f\u0131l\u0131yoruz ve size daha \u00fcst d\u00fczeyde turbo makineler sunmak i\u00e7in makinelerimizi s\u00fcrekli geli\u015ftiriyoruz.<\/p>\n<\/div><div class=\"toggle-links align_none\"><a href=\"javascript:void(0)\" class=\"toggle-show-more\">Daha fazla g\u00f6ster<\/a><a href=\"javascript:void(0)\" class=\"toggle-show-less\">Daha az g\u00f6ster<\/a><\/div><\/div><\/div><\/div><\/div><\/div><div class=\"w-separator size_large\"><\/div><\/div><\/div><\/div><\/div><\/div><\/section><section class=\"l-section wpb_row  hide_on_default hide_on_laptops height_auto width_full\"><div class=\"l-section-h i-cf\"><div class=\"g-cols via_flex valign_top type_default\"><div class=\"vc_col-sm-12 wpb_column vc_column_container\"><div class=\"vc_column-inner\"><div class=\"wpb_wrapper\"><div class=\"w-image us_custom_417d81f7 us_animate_this align_none\"><div class=\"w-image-h\"><img loading=\"lazy\" decoding=\"async\" width=\"1920\" height=\"1561\" src=\"https:\/\/alteseite.jclps.eu\/wp-content\/uploads\/2021\/12\/LennardLischke-scaled-1.jpg\" class=\"attachment-full size-full\" alt=\"\" srcset=\"https:\/\/alteseite.jclps.eu\/wp-content\/uploads\/2021\/12\/LennardLischke-scaled-1.jpg 1920w, https:\/\/alteseite.jclps.eu\/wp-content\/uploads\/2021\/12\/LennardLischke-scaled-1-300x244.jpg 300w, https:\/\/alteseite.jclps.eu\/wp-content\/uploads\/2021\/12\/LennardLischke-scaled-1-1024x832.jpg 1024w\" sizes=\"auto, (max-width: 1920px) 100vw, 1920px\" \/><\/div><\/div><\/div><\/div><\/div><\/div><\/div><\/section><section class=\"l-section wpb_row height_auto color_alternate\"><div class=\"l-section-h i-cf\"><div class=\"g-cols via_flex valign_middle type_default\"><div class=\"vc_col-sm-12 vc_col-lg-6 vc_col-md-6 wpb_column vc_column_container \"><div class=\"vc_column-inner us_custom_44725605 us_animate_this\"><div class=\"wpb_wrapper\"><div class=\"w-separator size_large\"><\/div><div class=\"g-cols wpb_row via_flex valign_top type_default\"><div class=\"vc_col-sm-12 vc_col-lg-10 wpb_column vc_column_container\"><div class=\"vc_column-inner\"><div class=\"wpb_wrapper\"><div class=\"wpb_text_column\"><div class=\"wpb_wrapper\"><h2><strong>Lennard Lischke<\/strong><\/h2>\n<\/div><\/div><div class=\"wpb_text_column\"><div class=\"wpb_wrapper\"><h3><strong>CEO ve Kurucu<\/strong><\/h3>\n<\/div><\/div><\/div><\/div><\/div><div class=\"vc_col-sm-2 wpb_column vc_column_container\"><div class=\"vc_column-inner\"><div class=\"wpb_wrapper\"><\/div><\/div><\/div><\/div><div class=\"w-separator size_large\"><\/div><\/div><\/div><\/div><div class=\"vc_col-sm-12 vc_col-lg-6 vc_col-md-6 vc_hidden-sm vc_hidden-xs wpb_column vc_column_container  has_bg_color stretched\"><div class=\"vc_column-inner us_custom_5e8ea143 us_animate_this\"><div class=\"wpb_wrapper\"><div class=\"w-separator size_custom\" style=\"height:700px\"><\/div><\/div><\/div><\/div><\/div><\/div><\/section><section class=\"l-section wpb_row us_custom_09e06e6f height_large\"><div class=\"l-section-h i-cf\"><div class=\"g-cols via_flex valign_top type_default\"><div class=\"vc_col-sm-12 wpb_column vc_column_container\"><div class=\"vc_column-inner\"><div class=\"wpb_wrapper\"><div class=\"g-cols wpb_row via_flex valign_top type_default\"><div class=\"vc_col-sm-12 wpb_column vc_column_container\"><div class=\"vc_column-inner\"><div class=\"wpb_wrapper\"><div class=\"wpb_text_column us_custom_68da29ff has_text_color us_animate_this\"><div class=\"wpb_wrapper\"><p>JCL<\/p>\n<\/div><\/div><div class=\"wpb_text_column us_custom_f0a5164e us_animate_this\"><div class=\"wpb_wrapper\"><h2 style=\"text-align: left;\"><strong>Vizyonumuz ve de\u011ferlerimiz \u2013 G\u00fcvenilir, yenilik\u00e7i makine \u00e7\u00f6z\u00fcmleri<br \/>\n<\/strong><\/h2>\n<\/div><\/div><div class=\"wpb_text_column us_custom_f70d789f us_animate_this\"><div class=\"wpb_wrapper\"><p>Almanya ve T\u00fcrkiye&#8217;deki ofisleri ile JCL, her zaman hizmet odakl\u0131 ve g\u00fcvenilir \u00e7al\u0131\u015fmaya odaklanan deneyimli bir ekip ve yatay bir hiyerar\u015fi ile \u00e7al\u0131\u015fmaktad\u0131r. K\u00fcreselle\u015fen pazarda s\u00fcrekli geli\u015fen standartlar, bilimsel yenilikler ve de\u011fi\u015fen ko\u015fullar m\u00fc\u015fterilerin yeni beklentilerinin olu\u015fmas\u0131na neden olmaktad\u0131r. JCL olarak esnekli\u011fimizi ve pragmatizmimizi hevesle koruyoruz. Bizim inanc\u0131m\u0131za g\u00f6re &#8220;hi\u00e7bir \u015fey imk\u00e2ns\u0131z de\u011fildir&#8221;. Bu nedenle, her zaman yenilikleri memnuniyetle kar\u015f\u0131l\u0131yoruz ve size daha \u00fcst d\u00fczeyde turbo makineler sunmak i\u00e7in makinelerimizi s\u00fcrekli geli\u015ftiriyoruz. Bizim i\u00e7in g\u00fcvenilir bir ileti\u015fim, turbo makinelerin en \u00fcst kalite seviyesinde tasarlanmas\u0131 ve \u00fcretilmesi kadar \u00f6nemlidir. \u015eirketlerde i\u015fleyen ve verimli s\u00fcre\u00e7ler i\u00e7in makine ve tesislerin kalitesi ve g\u00fcvenilirli\u011fi temel fakt\u00f6rd\u00fcr. Biz kendimizi buna adad\u0131k.<\/p>\n<\/div><\/div><\/div><\/div><\/div><\/div><div class=\"w-separator size_medium\"><\/div><div class=\"g-cols wpb_row us_custom_797bd2bd has_text_color us_animate_this via_flex valign_middle type_default\"><div class=\"vc_col-sm-12 vc_col-lg-9 vc_col-md-9 wpb_column vc_column_container\"><div class=\"vc_column-inner\"><div class=\"wpb_wrapper\"><div class=\"wpb_text_column\"><div class=\"wpb_wrapper\"><h4><strong>Turbo makineler konusunda deneyimli bir servis sa\u011flay\u0131c\u0131 ve paketleme orta\u011f\u0131 ile \u00e7al\u0131\u015fmak ister misiniz?<br \/>\n<\/strong><\/h4>\n<\/div><\/div><div class=\"wpb_text_column\"><div class=\"wpb_wrapper\"><p>Devreye alma, yedek par\u00e7a temini, onar\u0131m veya modernizasyon konular\u0131nda talebinizi almak i\u00e7in sab\u0131rs\u0131zlan\u0131yoruz. Talebiniz \u00fczerine size referanslar\u0131m\u0131z\u0131 da g\u00f6nderece\u011fiz.<\/p>\n<\/div><\/div><\/div><\/div><\/div><div class=\"vc_col-sm-12 vc_col-lg-3 vc_col-md-3 wpb_column vc_column_container\"><div class=\"vc_column-inner\"><div class=\"wpb_wrapper\"><div class=\"w-separator  hide_on_default hide_on_laptops size_medium\"><\/div><div class=\"w-btn-wrapper align_left\"><a class=\"w-btn us-btn-style_21 icon_atright\" title=\"Kontakt\" href=\"https:\/\/jclps.eu\/tr\/iletisim\/\"><span class=\"w-btn-label\">B\u0130Z\u0130MLE \u0130LET\u0130\u015e\u0130ME GE\u00c7\u0130N<\/span><i class=\"far fa-long-arrow-right\"><\/i><\/a><\/div><\/div><\/div><\/div><\/div><\/div><\/div><\/div><\/div><\/div><\/section><section class=\"l-section wpb_row us_custom_297f3d2a has_text_color height_large\"><div class=\"l-section-h i-cf\"><div class=\"g-cols via_flex valign_top type_default\"><div class=\"vc_col-sm-2 wpb_column vc_column_container\"><div class=\"vc_column-inner\"><div class=\"wpb_wrapper\"><\/div><\/div><\/div><div class=\"vc_col-sm-12 vc_col-lg-8 wpb_column vc_column_container \"><div class=\"vc_column-inner us_custom_60d41d4e us_animate_this\"><div class=\"wpb_wrapper\"><div class=\"g-cols wpb_row via_flex valign_top type_default\"><div class=\"vc_col-sm-12 wpb_column vc_column_container\"><div class=\"vc_column-inner\"><div class=\"wpb_wrapper\"><div class=\"wpb_text_column us_custom_8c38c618 has_text_color\"><div class=\"wpb_wrapper\"><p style=\"text-align: center;\">Garantili en y\u00fcksek kalite<\/p>\n<\/div><\/div><div class=\"wpb_text_column\"><div class=\"wpb_wrapper\"><h2 class=\"elementor-heading-title elementor-size-default\" style=\"text-align: center;\"><strong>Turbo makinelerimiz ile s\u00fcre\u00e7lerinizi daha da verimli hale getirin.<\/strong><\/h2>\n<\/div><\/div><\/div><\/div><\/div><\/div><\/div><\/div><\/div><div class=\"vc_col-sm-2 wpb_column vc_column_container\"><div class=\"vc_column-inner\"><div class=\"wpb_wrapper\"><\/div><\/div><\/div><\/div><\/div><\/section>\n","protected":false},"excerpt":{"rendered":"Hakk\u0131m\u0131zda JCL, petrol ve gaz end\u00fcstrisi, hava i\u015fleme \/ hava ay\u0131rma, metal i\u015fleme veya kimya end\u00fcstrisinden \u015firketler i\u00e7in turbo makineler ve paket \u00fcniteler \u00fcretir ve bunlar\u0131 devreye al\u0131r. Aerodesign, yaz\u0131l\u0131m, elektrifikasyon, proses ve sistem teknolojisi, in\u015faat, proje y\u00f6netimi ve kalite g\u00fcvence alanlar\u0131ndan deneyimli uzman bir ekip, turbo genle\u015ftiriciler, turbo kompres\u00f6rler, vidal\u0131 ve pistonlu kompres\u00f6r paketlerinin...","protected":false},"author":2,"featured_media":0,"parent":0,"menu_order":0,"comment_status":"closed","ping_status":"closed","template":"","meta":{"footnotes":"","_links_to":"","_links_to_target":""},"class_list":["post-12581","page","type-page","status-publish","hentry"],"_links":{"self":[{"href":"https:\/\/alteseite.jclps.eu\/tr\/wp-json\/wp\/v2\/pages\/12581","targetHints":{"allow":["GET"]}}],"collection":[{"href":"https:\/\/alteseite.jclps.eu\/tr\/wp-json\/wp\/v2\/pages"}],"about":[{"href":"https:\/\/alteseite.jclps.eu\/tr\/wp-json\/wp\/v2\/types\/page"}],"author":[{"embeddable":true,"href":"https:\/\/alteseite.jclps.eu\/tr\/wp-json\/wp\/v2\/users\/2"}],"replies":[{"embeddable":true,"href":"https:\/\/alteseite.jclps.eu\/tr\/wp-json\/wp\/v2\/comments?post=12581"}],"version-history":[{"count":10,"href":"https:\/\/alteseite.jclps.eu\/tr\/wp-json\/wp\/v2\/pages\/12581\/revisions"}],"predecessor-version":[{"id":13241,"href":"https:\/\/alteseite.jclps.eu\/tr\/wp-json\/wp\/v2\/pages\/12581\/revisions\/13241"}],"wp:attachment":[{"href":"https:\/\/alteseite.jclps.eu\/tr\/wp-json\/wp\/v2\/media?parent=12581"}],"curies":[{"name":"wp","href":"https:\/\/api.w.org\/{rel}","templated":true}]}}