{"id":12575,"date":"2022-01-30T13:17:57","date_gmt":"2022-01-30T12:17:57","guid":{"rendered":"https:\/\/jclps.eu\/bohrwerkzeuge-2\/"},"modified":"2022-07-27T12:55:36","modified_gmt":"2022-07-27T10:55:36","slug":"sondaj-ekipmanlari","status":"publish","type":"page","link":"https:\/\/alteseite.jclps.eu\/tr\/sondaj-ekipmanlari\/","title":{"rendered":"Sondaj Ekipmanlar\u0131"},"content":{"rendered":"<section class=\"l-section wpb_row us_custom_47bc6b77 height_huge\"><div class=\"l-section-overlay\" style=\"background:linear-gradient(90deg,rgba(0,0,0,0.30),rgba(255,255,255,0.00))\"><\/div><div class=\"l-section-h i-cf\"><div class=\"g-cols via_flex valign_top type_default\"><div class=\"vc_col-sm-12 vc_col-lg-12 wpb_column vc_column_container has_text_color \"><div class=\"vc_column-inner us_custom_f3307c70 us_animate_this\"><div class=\"wpb_wrapper\"><div class=\"wpb_text_column\"><div class=\"wpb_wrapper\"><h2 style=\"text-align: center;\"><b>Sondaj Ekipmanlar\u0131<\/b><\/h2>\n<\/div><\/div><\/div><\/div><\/div><\/div><\/div><\/section><section class=\"l-section wpb_row height_large color_alternate\"><div class=\"l-section-h i-cf\"><div class=\"g-cols via_flex valign_top type_default\"><div class=\"vc_col-sm-12 wpb_column vc_column_container \"><div class=\"vc_column-inner us_custom_f70d789f us_animate_this\"><div class=\"wpb_wrapper\"><div class=\"wpb_text_column us_custom_2c303b42 has_text_color\"><div class=\"wpb_wrapper\"><h5 style=\"text-align: center;\">JCL Turbo olarak TIX-IKS Kuyu Ba\u015f\u0131 ekipmanlar\u0131n\u0131n yan\u0131 s\u0131ra TIX-TSK Sondaj u\u00e7lar\u0131 ve destek aletlerinin temsilcisiyiz.<\/h5>\n<\/div><\/div><div class=\"w-separator size_small\"><\/div><div class=\"w-btn-wrapper align_center\"><a class=\"w-btn us-btn-style_21 icon_atright\" href=\"https:\/\/jclps.eu\/tr\/iletisim\/\"><span class=\"w-btn-label\">Bizimle ileti\u015fime ge\u00e7in<\/span><i class=\"far fa-long-arrow-right\"><\/i><\/a><\/div><\/div><\/div><\/div><\/div><\/div><\/section><section class=\"l-section wpb_row  hide_on_default hide_on_laptops height_auto width_full\"><div class=\"l-section-h i-cf\"><div class=\"g-cols via_flex valign_top type_default\"><div class=\"vc_col-sm-12 wpb_column vc_column_container\"><div class=\"vc_column-inner\"><div class=\"wpb_wrapper\"><div class=\"w-image us_custom_417d81f7 us_animate_this has_ratio align_none\"><div class=\"w-image-h\"><div style=\"padding-bottom:75%\"><\/div><img loading=\"lazy\" decoding=\"async\" width=\"1085\" height=\"542\" src=\"https:\/\/alteseite.jclps.eu\/wp-content\/uploads\/2021\/12\/TIX-Factory.jpg\" class=\"attachment-full size-full\" alt=\"\" srcset=\"https:\/\/alteseite.jclps.eu\/wp-content\/uploads\/2021\/12\/TIX-Factory.jpg 1085w, https:\/\/alteseite.jclps.eu\/wp-content\/uploads\/2021\/12\/TIX-Factory-300x150.jpg 300w, https:\/\/alteseite.jclps.eu\/wp-content\/uploads\/2021\/12\/TIX-Factory-1024x512.jpg 1024w\" sizes=\"auto, (max-width: 1085px) 100vw, 1085px\" \/><\/div><\/div><\/div><\/div><\/div><\/div><\/div><\/section><section class=\"l-section wpb_row height_auto\"><div class=\"l-section-h i-cf\"><div class=\"g-cols via_flex valign_middle type_default\"><div class=\"vc_col-sm-12 vc_col-lg-6 vc_col-md-6 vc_hidden-sm vc_hidden-xs wpb_column vc_column_container  has_bg_color stretched\"><div class=\"vc_column-inner us_custom_b399e85d us_animate_this\"><div class=\"wpb_wrapper\"><div class=\"w-separator size_custom\" style=\"height:500px\"><\/div><\/div><\/div><\/div><div class=\"vc_col-sm-12 vc_col-lg-6 vc_col-md-6 wpb_column vc_column_container \"><div class=\"vc_column-inner us_custom_f70d789f us_animate_this\"><div class=\"wpb_wrapper\"><div class=\"w-separator size_large\"><\/div><div class=\"w-separator  hide_on_laptops hide_on_tablets hide_on_mobiles size_large\"><\/div><div class=\"g-cols wpb_row via_flex valign_top type_default\"><div class=\"vc_col-sm-2 wpb_column vc_column_container\"><div class=\"vc_column-inner\"><div class=\"wpb_wrapper\"><\/div><\/div><\/div><div class=\"vc_col-sm-12 vc_col-lg-10 vc_col-md-10 wpb_column vc_column_container\"><div class=\"vc_column-inner\"><div class=\"wpb_wrapper\"><div class=\"wpb_text_column\"><div class=\"wpb_wrapper\"><h2>Do\u011fal Kaynaklar\u0131n Tedari\u011fi<\/h2>\n<\/div><\/div><div class=\"wpb_text_column\"><div class=\"wpb_wrapper\"><p>Petrol, do\u011falgaz, su, jeotermal enerji&#8230; D\u00fcnya&#8217;n\u0131n do\u011fal kaynaklar\u0131 hayat\u0131m\u0131z\u0131 \u00e7ok \u00e7e\u015fitli \u015fekillerde destekliyor. TIX, bu temel do\u011fal kaynaklar\u0131n verimli ve istikrarl\u0131 bir \u015fekilde tedarik edilmesini sa\u011flayarak toplumumuzun gelece\u011fine katk\u0131da bulunan \u00e7e\u015fitli sondaj ekipman\u0131 ve vanalar\u0131n\u0131n geli\u015ftirilmesi ve \u00fcretilmesi konusuna yo\u011funla\u015fm\u0131\u015ft\u0131r.<\/p>\n<\/div><\/div><\/div><\/div><\/div><\/div><div class=\"w-separator  hide_on_laptops hide_on_tablets hide_on_mobiles size_large\"><\/div><div class=\"w-separator size_large\"><\/div><\/div><\/div><\/div><\/div><\/div><\/section><section class=\"l-section wpb_row  hide_on_default hide_on_laptops height_auto width_full\"><div class=\"l-section-h i-cf\"><div class=\"g-cols via_flex valign_top type_default\"><div class=\"vc_col-sm-12 wpb_column vc_column_container\"><div class=\"vc_column-inner\"><div class=\"wpb_wrapper\"><div class=\"w-image us_custom_417d81f7 us_animate_this has_ratio align_none\"><div class=\"w-image-h\"><div style=\"padding-bottom:75%\"><\/div><img loading=\"lazy\" decoding=\"async\" width=\"1661\" height=\"1037\" src=\"https:\/\/alteseite.jclps.eu\/wp-content\/uploads\/2021\/12\/gWellhead.jpg\" class=\"attachment-full size-full\" alt=\"\" srcset=\"https:\/\/alteseite.jclps.eu\/wp-content\/uploads\/2021\/12\/gWellhead.jpg 1661w, https:\/\/alteseite.jclps.eu\/wp-content\/uploads\/2021\/12\/gWellhead-300x187.jpg 300w, https:\/\/alteseite.jclps.eu\/wp-content\/uploads\/2021\/12\/gWellhead-1024x639.jpg 1024w\" sizes=\"auto, (max-width: 1661px) 100vw, 1661px\" \/><\/div><\/div><\/div><\/div><\/div><\/div><\/div><\/section><section class=\"l-section wpb_row height_auto color_alternate\"><div class=\"l-section-h i-cf\"><div class=\"g-cols via_flex valign_middle type_default\"><div class=\"vc_col-sm-12 vc_col-lg-6 vc_col-md-6 wpb_column vc_column_container \"><div class=\"vc_column-inner us_custom_f70d789f us_animate_this\"><div class=\"wpb_wrapper\"><div class=\"w-separator size_large\"><\/div><div class=\"g-cols wpb_row via_flex valign_top type_default\"><div class=\"vc_col-sm-12 vc_col-lg-10 vc_col-md-10 wpb_column vc_column_container has_text_color\"><div class=\"vc_column-inner us_custom_6df4bc3a\"><div class=\"wpb_wrapper\"><div class=\"wpb_text_column\"><div class=\"wpb_wrapper\"><h2><strong>Kuyu Ba\u015f\u0131 \u00c7\u00f6z\u00fcmleri<br \/>\n<\/strong><\/h2>\n<\/div><\/div><div class=\"wpb_text_column with_show_more_toggle\" data-toggle-height=\"300px\"><div class=\"wpb_wrapper\"><p>Is\u0131ya, Bas\u0131nca ve Korozyona Kar\u015f\u0131 \u00dcst\u00fcn Diren\u00e7li Kuyu Ba\u015f\u0131 Ekipmanlar\u0131<\/p>\n<p>G\u00fcnl\u00fck hayat\u0131m\u0131zda vazge\u00e7ilmez enerji kaynaklar\u0131 olan petrol ve do\u011fal gaz hem y\u00fcksek s\u0131cakl\u0131k hem de bas\u0131n\u00e7 ko\u015fullar\u0131 alt\u0131nda, genellikle yerin birka\u00e7 bin metre alt\u0131nda bulunur. Sondaj i\u015flemleri ile d\u00fcnya y\u00fczeyine \u00e7\u0131kar\u0131ld\u0131\u011f\u0131nda, a\u015f\u0131r\u0131 g\u00fc\u00e7le f\u0131\u015fk\u0131r\u0131rlar. Enerji talebi artmaya devam ettik\u00e7e, sondaj \u00e7al\u0131\u015fmalar\u0131 bu kaynaklar\u0131 giderek daha zorlu ko\u015fullar alt\u0131nda ara\u015ft\u0131rmak ve \u00e7\u0131karmak zorundad\u0131r. Bu, \u0131s\u0131ya, bas\u0131nca ve korozyona kar\u015f\u0131 \u00fcst\u00fcn dirence sahip iyi kafal\u0131 ekipman gerektirir. TIX-IKS, API Spesifikasyonu 01&#8217;e g\u00f6re \u00fcretilen teknolojik geli\u015fme ve kalite kontrol sistemlerinin kurulmas\u0131 sayesinde bu artan ve kritik ihtiya\u00e7lara aktif olarak cevap vermektedir.<\/p>\n<\/div><div class=\"toggle-links align_none\"><a href=\"javascript:void(0)\" class=\"toggle-show-more\">Daha fazla g\u00f6ster<\/a><a href=\"javascript:void(0)\" class=\"toggle-show-less\">daha az g\u00f6ster<\/a><\/div><\/div><\/div><\/div><\/div><div class=\"vc_col-sm-2 wpb_column vc_column_container\"><div class=\"vc_column-inner\"><div class=\"wpb_wrapper\"><\/div><\/div><\/div><\/div><div class=\"w-separator size_large\"><\/div><\/div><\/div><\/div><div class=\"vc_col-sm-12 vc_col-lg-6 vc_col-md-6 vc_hidden-sm vc_hidden-xs wpb_column vc_column_container  has_bg_color stretched\"><div class=\"vc_column-inner us_custom_941d5951 us_animate_this\"><div class=\"wpb_wrapper\"><div class=\"w-separator size_custom\" style=\"height:500px\"><\/div><\/div><\/div><\/div><\/div><\/div><\/section><section class=\"l-section wpb_row  hide_on_default hide_on_laptops height_auto width_full\"><div class=\"l-section-h i-cf\"><div class=\"g-cols via_flex valign_top type_default\"><div class=\"vc_col-sm-12 wpb_column vc_column_container\"><div class=\"vc_column-inner\"><div class=\"wpb_wrapper\"><div class=\"w-image us_custom_417d81f7 us_animate_this has_ratio align_none\"><div class=\"w-image-h\"><div style=\"padding-bottom:75%\"><\/div><img loading=\"lazy\" decoding=\"async\" width=\"1661\" height=\"1037\" src=\"https:\/\/alteseite.jclps.eu\/wp-content\/uploads\/2021\/12\/1.jpg\" class=\"attachment-full size-full\" alt=\"\" srcset=\"https:\/\/alteseite.jclps.eu\/wp-content\/uploads\/2021\/12\/1.jpg 1661w, https:\/\/alteseite.jclps.eu\/wp-content\/uploads\/2021\/12\/1-300x187.jpg 300w, https:\/\/alteseite.jclps.eu\/wp-content\/uploads\/2021\/12\/1-1024x639.jpg 1024w\" sizes=\"auto, (max-width: 1661px) 100vw, 1661px\" \/><\/div><\/div><\/div><\/div><\/div><\/div><\/div><\/section><section class=\"l-section wpb_row height_auto color_alternate\"><div class=\"l-section-h i-cf\"><div class=\"g-cols via_flex valign_middle type_default\"><div class=\"vc_col-sm-12 vc_col-lg-6 vc_col-md-6 vc_hidden-sm vc_hidden-xs wpb_column vc_column_container  has_bg_color stretched\"><div class=\"vc_column-inner us_custom_76923532 us_animate_this\"><div class=\"wpb_wrapper\"><div class=\"w-separator size_custom\" style=\"height:500px\"><\/div><\/div><\/div><\/div><div class=\"vc_col-sm-12 vc_col-lg-6 vc_col-md-6 wpb_column vc_column_container \"><div class=\"vc_column-inner us_custom_f70d789f us_animate_this\"><div class=\"wpb_wrapper\"><div class=\"w-separator size_large\"><\/div><div class=\"g-cols wpb_row via_flex valign_top type_default\"><div class=\"vc_col-sm-2 wpb_column vc_column_container\"><div class=\"vc_column-inner\"><div class=\"wpb_wrapper\"><\/div><\/div><\/div><div class=\"vc_col-sm-12 vc_col-lg-10 vc_col-md-10 wpb_column vc_column_container\"><div class=\"vc_column-inner\"><div class=\"wpb_wrapper\"><div class=\"wpb_text_column\"><div class=\"wpb_wrapper\"><h2><strong>Sondaj \u00c7\u00f6z\u00fcmleri<\/strong><\/h2>\n<\/div><\/div><div class=\"wpb_text_column\"><div class=\"wpb_wrapper\"><p>Yer alt\u0131 sondaj i\u015flemlerinde kullan\u0131lan kaya kesiciler, TSK taraf\u0131ndan \u00fcretilen sondaj \u00fcr\u00fcnlerinin yan\u0131 s\u0131ra yer alt\u0131 kaynaklar\u0131n\u0131n geli\u015ftirilmesi i\u00e7in kullan\u0131lan di\u011fer \u00e7e\u015fitli cihazlar\u0131n temel \u00fcr\u00fcnleridir. \u00dcst\u00fcn dayan\u0131kl\u0131l\u0131k ve g\u00fcvenilir performansa sahip olan bu \u00fcr\u00fcnler, petrol, do\u011fal gaz, su, jeotermal enerji vb. do\u011fal kaynaklar\u0131n ara\u015ft\u0131r\u0131lmas\u0131 i\u00e7in \u00e7e\u015fitli yer sondaj\u0131 uygulamalar\u0131nda yayg\u0131n olarak kullan\u0131lmaktad\u0131r.<\/p>\n<\/div><\/div><\/div><\/div><\/div><\/div><div class=\"w-separator size_large\"><\/div><\/div><\/div><\/div><\/div><\/div><\/section><section class=\"l-section wpb_row us_custom_09e06e6f height_large\"><div class=\"l-section-h i-cf\"><div class=\"g-cols via_flex valign_top type_default\"><div class=\"vc_col-sm-12 wpb_column vc_column_container\"><div class=\"vc_column-inner\"><div class=\"wpb_wrapper\"><div class=\"g-cols wpb_row via_flex valign_top type_default\"><div class=\"vc_col-sm-12 wpb_column vc_column_container\"><div class=\"vc_column-inner\"><div class=\"wpb_wrapper\"><div class=\"wpb_text_column us_custom_68da29ff has_text_color us_animate_this\"><div class=\"wpb_wrapper\"><p>JCL &#8211; Sondaj Ekipmanlar\u0131<\/p>\n<\/div><\/div><div class=\"wpb_text_column us_custom_f0a5164e us_animate_this\"><div class=\"wpb_wrapper\"><h2 style=\"text-align: left;\">Sondaj Ekipmanlar\u0131m\u0131z<\/h2>\n<\/div><\/div><\/div><\/div><\/div><\/div><div class=\"w-separator size_medium\"><\/div><div class=\"w-grid us_custom_f70d789f us_animate_this type_carousel layout_11742 cols_3 overflow_hidden\" id=\"us_grid_1\"><style>#us_grid_1 .w-grid-item{padding:1.5rem}#us_grid_1 .w-grid-list{margin:-1.5rem}.w-grid + #us_grid_1 .w-grid-list,.w-grid-none + #us_grid_1 .w-grid-list{margin-top:1.5rem}.layout_11742 .w-grid-item-h{background:var(--color-content-bg);color:var(--color-content-text);border-radius:0.3rem;box-shadow:0 0.03rem 0.06rem rgba(0,0,0,0.1),0 0.1rem 0.3rem rgba(0,0,0,0.1);transition-duration:0.3s}.no-touch .layout_11742 .w-grid-item-h:hover{box-shadow:0 0.1rem 0.2rem rgba(0,0,0,0.1),0 0.33rem 1rem rgba(0,0,0,0.15);z-index:4}.layout_11742 .usg_post_title_1{font-weight:700!important;font-size:1.4rem!important}.layout_11742 .usg_vwrapper_1{padding:9% 11% 11% 11%!important}@media (max-width:600px){.layout_11742 .usg_post_title_1{font-size:1.2rem!important}}<\/style><div class=\"w-grid-list owl-carousel navstyle_28 navpos_inside\" style=\"--arrows-size:15px;\">\t<article class=\"w-grid-item post-12639 post type-post status-publish format-standard has-post-thumbnail hentry\" data-id=\"12639\">\r\n\t\t<div class=\"w-grid-item-h\">\r\n\t\t\t\t\t\t<div class=\"w-post-elm post_image usg_post_image_1 has_ratio\"><div style=\"padding-bottom:66.6667%\"><\/div><a href=\"https:\/\/alteseite.jclps.eu\/wp-content\/uploads\/2021\/12\/Bohrwerkzeug_01-1.png\" ref=\"magnificPopup\" aria-label=\"\u00d6zel m\u00fch\u00fcr ve diyafram\"><img loading=\"lazy\" decoding=\"async\" width=\"418\" height=\"313\" src=\"https:\/\/alteseite.jclps.eu\/wp-content\/uploads\/2021\/12\/Bohrwerkzeug_01-1.png\" class=\"attachment-large size-large wp-post-image\" alt=\"\" srcset=\"https:\/\/alteseite.jclps.eu\/wp-content\/uploads\/2021\/12\/Bohrwerkzeug_01-1.png 418w, https:\/\/alteseite.jclps.eu\/wp-content\/uploads\/2021\/12\/Bohrwerkzeug_01-1-300x225.png 300w\" sizes=\"auto, (max-width: 418px) 100vw, 418px\" \/><\/a><\/div><div class=\"w-vwrapper usg_vwrapper_1 align_left valign_top\"><h2 class=\"w-post-elm post_title usg_post_title_1 entry-title color_link_inherit\">\u00d6zel m\u00fch\u00fcr ve diyafram<\/h2><\/div>\t\t<\/div>\r\n\t<\/article>\r\n\t<article class=\"w-grid-item post-12637 post type-post status-publish format-standard has-post-thumbnail hentry\" data-id=\"12637\">\r\n\t\t<div class=\"w-grid-item-h\">\r\n\t\t\t\t\t\t<div class=\"w-post-elm post_image usg_post_image_1 has_ratio\"><div style=\"padding-bottom:66.6667%\"><\/div><a href=\"https:\/\/alteseite.jclps.eu\/wp-content\/uploads\/2021\/12\/Bohrwerkzeug_02-1.png\" ref=\"magnificPopup\" aria-label=\"Braketler\"><img loading=\"lazy\" decoding=\"async\" width=\"418\" height=\"313\" src=\"https:\/\/alteseite.jclps.eu\/wp-content\/uploads\/2021\/12\/Bohrwerkzeug_02-1.png\" class=\"attachment-large size-large wp-post-image\" alt=\"\" srcset=\"https:\/\/alteseite.jclps.eu\/wp-content\/uploads\/2021\/12\/Bohrwerkzeug_02-1.png 418w, https:\/\/alteseite.jclps.eu\/wp-content\/uploads\/2021\/12\/Bohrwerkzeug_02-1-300x225.png 300w\" sizes=\"auto, (max-width: 418px) 100vw, 418px\" \/><\/a><\/div><div class=\"w-vwrapper usg_vwrapper_1 align_left valign_top\"><h2 class=\"w-post-elm post_title usg_post_title_1 entry-title color_link_inherit\">Braketler<\/h2><\/div>\t\t<\/div>\r\n\t<\/article>\r\n\t<article class=\"w-grid-item post-12635 post type-post status-publish format-standard has-post-thumbnail hentry category-bohrwerkzeuge\" data-id=\"12635\">\r\n\t\t<div class=\"w-grid-item-h\">\r\n\t\t\t\t\t\t<div class=\"w-post-elm post_image usg_post_image_1 has_ratio\"><div style=\"padding-bottom:66.6667%\"><\/div><a href=\"https:\/\/alteseite.jclps.eu\/wp-content\/uploads\/2021\/12\/Bohrwerkzeug_04-1.png\" ref=\"magnificPopup\" aria-label=\"Pinyon \u00f6rnekleri\"><img loading=\"lazy\" decoding=\"async\" width=\"418\" height=\"313\" src=\"https:\/\/alteseite.jclps.eu\/wp-content\/uploads\/2021\/12\/Bohrwerkzeug_04-1.png\" class=\"attachment-large size-large wp-post-image\" alt=\"\" srcset=\"https:\/\/alteseite.jclps.eu\/wp-content\/uploads\/2021\/12\/Bohrwerkzeug_04-1.png 418w, https:\/\/alteseite.jclps.eu\/wp-content\/uploads\/2021\/12\/Bohrwerkzeug_04-1-300x225.png 300w\" sizes=\"auto, (max-width: 418px) 100vw, 418px\" \/><\/a><\/div><div class=\"w-vwrapper usg_vwrapper_1 align_left valign_top\"><h2 class=\"w-post-elm post_title usg_post_title_1 entry-title color_link_inherit\">Pinyon \u00f6rnekleri<\/h2><\/div>\t\t<\/div>\r\n\t<\/article>\r\n\t<article class=\"w-grid-item post-12634 post type-post status-publish format-standard has-post-thumbnail hentry\" data-id=\"12634\">\r\n\t\t<div class=\"w-grid-item-h\">\r\n\t\t\t\t\t\t<div class=\"w-post-elm post_image usg_post_image_1 has_ratio\"><div style=\"padding-bottom:66.6667%\"><\/div><a href=\"https:\/\/alteseite.jclps.eu\/wp-content\/uploads\/2021\/12\/Bohrwerkzeug_03-1.png\" ref=\"magnificPopup\" aria-label=\"Uzun \u00f6m\u00fcrl\u00fc kuyuba\u015f\u0131 vanalar\u0131\"><img loading=\"lazy\" decoding=\"async\" width=\"418\" height=\"313\" src=\"https:\/\/alteseite.jclps.eu\/wp-content\/uploads\/2021\/12\/Bohrwerkzeug_03-1.png\" class=\"attachment-large size-large wp-post-image\" alt=\"\" srcset=\"https:\/\/alteseite.jclps.eu\/wp-content\/uploads\/2021\/12\/Bohrwerkzeug_03-1.png 418w, https:\/\/alteseite.jclps.eu\/wp-content\/uploads\/2021\/12\/Bohrwerkzeug_03-1-300x225.png 300w\" sizes=\"auto, (max-width: 418px) 100vw, 418px\" \/><\/a><\/div><div class=\"w-vwrapper usg_vwrapper_1 align_left valign_top\"><h2 class=\"w-post-elm post_title usg_post_title_1 entry-title color_link_inherit\">Uzun \u00f6m\u00fcrl\u00fc kuyuba\u015f\u0131 vanalar\u0131<\/h2><\/div>\t\t<\/div>\r\n\t<\/article>\r\n<\/div><div class=\"g-preloader type_1\">\r\n\t<div><\/div>\r\n<\/div>\r\n\t<div class=\"w-grid-json hidden\" onclick='return {&quot;action&quot;:&quot;us_ajax_grid&quot;,&quot;ajax_url&quot;:&quot;https:\\\/\\\/alteseite.jclps.eu\\\/wp-admin\\\/admin-ajax.php&quot;,&quot;infinite_scroll&quot;:0,&quot;max_num_pages&quot;:1,&quot;pagination&quot;:&quot;none&quot;,&quot;permalink_url&quot;:&quot;https:\\\/\\\/alteseite.jclps.eu\\\/tr\\\/wp-json\\\/wp\\\/v2\\\/pages\\\/12575\\\/&quot;,&quot;template_vars&quot;:{&quot;columns&quot;:&quot;3&quot;,&quot;exclude_items&quot;:&quot;none&quot;,&quot;img_size&quot;:&quot;default&quot;,&quot;ignore_items_size&quot;:false,&quot;items_layout&quot;:&quot;11742&quot;,&quot;items_offset&quot;:&quot;1&quot;,&quot;load_animation&quot;:&quot;none&quot;,&quot;overriding_link&quot;:&quot;none&quot;,&quot;post_id&quot;:12575,&quot;query_args&quot;:{&quot;post_type&quot;:[&quot;post&quot;],&quot;tax_query&quot;:[{&quot;taxonomy&quot;:&quot;category&quot;,&quot;field&quot;:&quot;slug&quot;,&quot;terms&quot;:[&quot;bohrwerkzeuge-thema&quot;]}],&quot;post_status&quot;:[&quot;publish&quot;],&quot;posts_per_page&quot;:&quot;10&quot;},&quot;orderby_query_args&quot;:{&quot;orderby&quot;:{&quot;date&quot;:&quot;DESC&quot;}},&quot;type&quot;:&quot;carousel&quot;,&quot;us_grid_ajax_index&quot;:1,&quot;us_grid_filter_params&quot;:null,&quot;us_grid_index&quot;:1,&quot;_us_grid_post_type&quot;:&quot;post&quot;,&quot;lang&quot;:&quot;tr&quot;},&quot;carousel_settings&quot;:{&quot;autoHeight&quot;:0,&quot;autoplay&quot;:0,&quot;carousel_fade&quot;:0,&quot;center&quot;:0,&quot;dots&quot;:0,&quot;items&quot;:&quot;3&quot;,&quot;loop&quot;:false,&quot;nav&quot;:1,&quot;slideby&quot;:&quot;1&quot;,&quot;smooth_play&quot;:0,&quot;speed&quot;:250,&quot;timeout&quot;:3000,&quot;transition&quot;:&quot;&quot;},&quot;carousel_breakpoints&quot;:{&quot;1200&quot;:{&quot;items&quot;:3},&quot;900&quot;:{&quot;autoHeight&quot;:0,&quot;autoplay&quot;:1,&quot;autoplayHoverPause&quot;:1,&quot;items&quot;:3,&quot;loop&quot;:false},&quot;600&quot;:{&quot;autoHeight&quot;:0,&quot;autoplay&quot;:1,&quot;autoplayHoverPause&quot;:1,&quot;items&quot;:2,&quot;loop&quot;:false},&quot;0&quot;:{&quot;autoHeight&quot;:0,&quot;autoplay&quot;:1,&quot;autoplayHoverPause&quot;:1,&quot;items&quot;:1,&quot;loop&quot;:true}}}'><\/div>\r\n\t<\/div><\/div><\/div><\/div><\/div><\/div><\/section><section class=\"l-section wpb_row us_custom_ca0d5f29 height_large\"><div class=\"l-section-h i-cf\"><div class=\"g-cols via_flex valign_bottom type_default\"><div class=\"vc_col-sm-12 wpb_column vc_column_container\"><div class=\"vc_column-inner\"><div class=\"wpb_wrapper\"><div class=\"wpb_text_column us_custom_60e9caca us_animate_this\"><div class=\"wpb_wrapper\"><h2><strong>Orijinal Rulman Teknolojisine Sahip Uzun \u00d6m\u00fcrl\u00fc Matkaplar:<br \/>\n<\/strong><\/h2>\n<\/div><\/div><div class=\"w-separator size_small\"><\/div><div class=\"w-separator  hide_on_laptops hide_on_tablets hide_on_mobiles size_small\"><\/div><div class=\"w-separator  hide_on_laptops hide_on_tablets hide_on_mobiles size_small\"><\/div><\/div><\/div><\/div><div class=\"vc_col-sm-8 vc_col-lg-4 wpb_column vc_column_container\"><div class=\"vc_column-inner\"><div class=\"wpb_wrapper\"><div class=\"w-btn-wrapper align_none\"><a class=\"w-btn us-btn-style_1 us_custom_6eef1e9e us_animate_this icon_atright\" href=\"https:\/\/jclps.eu\/tr\/iletisim\/\"><span class=\"w-btn-label\">Daha fazla bilgi edinin<\/span><i class=\"far fa-long-arrow-right\"><\/i><\/a><\/div><\/div><\/div><\/div><div class=\"vc_col-sm-12 vc_col-lg-8 wpb_column vc_column_container \"><div class=\"vc_column-inner us_custom_664b91fb us_animate_this\"><div class=\"wpb_wrapper\"><div class=\"w-separator  hide_on_default size_small\"><\/div><div class=\"w-separator  hide_on_default size_small\"><\/div><div class=\"g-cols wpb_row via_flex valign_top type_default\"><div class=\"vc_col-sm-12 wpb_column vc_column_container \"><div class=\"vc_column-inner us_custom_6eef1e9e us_animate_this\"><div class=\"wpb_wrapper\"><div class=\"wpb_text_column\"><div class=\"wpb_wrapper\"><p>Tek bir matkaptan h\u0131zl\u0131 sondaj ve geni\u015f \u00e7al\u0131\u015fma alan\u0131 elde etmek. Bunlar, sondaj operasyonlar\u0131nda verimlili\u011fi art\u0131rmada ve maliyetleri d\u00fc\u015f\u00fcrmede iki temel fakt\u00f6rd\u00fcr. Japonya&#8217;n\u0131n \u00f6nde gelen kaya matkab\u0131 \u00fcreticisi olan TIX-TSK, bu talepleri kar\u015f\u0131lama konusunda uzmanla\u015fm\u0131\u015ft\u0131r. Faaliyetlerimiz, yeni matkaplar\u0131n geli\u015ftirilmesinden, sert zemin katmanlar\u0131nda ve a\u011f\u0131r ko\u015fullar alt\u0131nda daha verimli sondaj yap\u0131lmas\u0131n\u0131 sa\u011flayan teknolojilerin ara\u015ft\u0131r\u0131lmas\u0131na kadar uzanmaktad\u0131r. \u00c7abalar\u0131m\u0131z\u0131n ba\u015far\u0131l\u0131 bir \u00f6rne\u011fi, X tipi yivli rulmand\u0131r. Bu rulmanlar, geli\u015fmi\u015f, a\u015f\u0131nmaya dayan\u0131kl\u0131 bir ala\u015f\u0131m sayesinde b\u00fcy\u00fck darbe y\u00fcklerine ve y\u00fcksek d\u00f6nme h\u0131zlar\u0131na sahiptir ve s\u00fcrekli olarak \u00fcst\u00fcn kaliteyi sa\u011flamak i\u00e7in API Spesifikasyonu 01&#8217;e dayanan keskin kalite kontrol\u00fc alt\u0131nda \u00fcretilir.<\/p>\n<\/div><\/div><\/div><\/div><\/div><\/div><\/div><\/div><\/div><\/div><\/div><\/section><section class=\"l-section wpb_row us_custom_297f3d2a has_text_color height_large\"><div class=\"l-section-h i-cf\"><div class=\"g-cols via_flex valign_top type_default\"><div class=\"vc_col-sm-2 wpb_column vc_column_container\"><div class=\"vc_column-inner\"><div class=\"wpb_wrapper\"><\/div><\/div><\/div><div class=\"vc_col-sm-12 vc_col-lg-8 wpb_column vc_column_container \"><div class=\"vc_column-inner us_custom_60d41d4e us_animate_this\"><div class=\"wpb_wrapper\"><div class=\"g-cols wpb_row via_flex valign_top type_default\"><div class=\"vc_col-sm-12 wpb_column vc_column_container\"><div class=\"vc_column-inner\"><div class=\"wpb_wrapper\"><div class=\"wpb_text_column us_custom_8c38c618 has_text_color\"><div class=\"wpb_wrapper\"><p style=\"text-align: center;\">Garantili en y\u00fcksek kalite<\/p>\n<\/div><\/div><div class=\"wpb_text_column\"><div class=\"wpb_wrapper\"><h2 class=\"elementor-heading-title elementor-size-default\" style=\"text-align: center;\">Sondaj Ekipmanlar\u0131m\u0131z\u0131n kalitesine g\u00fcvenebilirsiniz<\/h2>\n<\/div><\/div><div class=\"w-separator size_small\"><\/div><div class=\"w-btn-wrapper align_none\"><a class=\"w-btn us-btn-style_21 icon_atright\" href=\"https:\/\/jclps.eu\/tr\/iletisim\/\"><span class=\"w-btn-label\">Bizimle ileti\u015fime ge\u00e7in<\/span><i class=\"far fa-long-arrow-right\"><\/i><\/a><\/div><\/div><\/div><\/div><\/div><\/div><\/div><\/div><div class=\"vc_col-sm-2 wpb_column vc_column_container\"><div class=\"vc_column-inner\"><div class=\"wpb_wrapper\"><\/div><\/div><\/div><\/div><\/div><\/section>\n","protected":false},"excerpt":{"rendered":"","protected":false},"author":2,"featured_media":0,"parent":0,"menu_order":0,"comment_status":"closed","ping_status":"closed","template":"","meta":{"footnotes":"","_links_to":"","_links_to_target":""},"class_list":["post-12575","page","type-page","status-publish","hentry"],"_links":{"self":[{"href":"https:\/\/alteseite.jclps.eu\/tr\/wp-json\/wp\/v2\/pages\/12575","targetHints":{"allow":["GET"]}}],"collection":[{"href":"https:\/\/alteseite.jclps.eu\/tr\/wp-json\/wp\/v2\/pages"}],"about":[{"href":"https:\/\/alteseite.jclps.eu\/tr\/wp-json\/wp\/v2\/types\/page"}],"author":[{"embeddable":true,"href":"https:\/\/alteseite.jclps.eu\/tr\/wp-json\/wp\/v2\/users\/2"}],"replies":[{"embeddable":true,"href":"https:\/\/alteseite.jclps.eu\/tr\/wp-json\/wp\/v2\/comments?post=12575"}],"version-history":[{"count":10,"href":"https:\/\/alteseite.jclps.eu\/tr\/wp-json\/wp\/v2\/pages\/12575\/revisions"}],"predecessor-version":[{"id":13011,"href":"https:\/\/alteseite.jclps.eu\/tr\/wp-json\/wp\/v2\/pages\/12575\/revisions\/13011"}],"wp:attachment":[{"href":"https:\/\/alteseite.jclps.eu\/tr\/wp-json\/wp\/v2\/media?parent=12575"}],"curies":[{"name":"wp","href":"https:\/\/api.w.org\/{rel}","templated":true}]}}