{"id":12547,"date":"2022-01-30T12:56:47","date_gmt":"2022-01-30T11:56:47","guid":{"rendered":"https:\/\/jclps.eu\/turbo-ve-kompresoer-makineleri\/schraubenkompressorenpakete\/"},"modified":"2022-09-15T15:35:30","modified_gmt":"2022-09-15T13:35:30","slug":"schraubenkompressorenpakete","status":"publish","type":"page","link":"https:\/\/alteseite.jclps.eu\/tr\/turbo-ve-kompresoer-makineleri\/schraubenkompressorenpakete\/","title":{"rendered":"Vidal\u0131 Kompres\u00f6r Paketleri"},"content":{"rendered":"<section class=\"l-section wpb_row us_custom_8e4ceb85 height_huge\"><div class=\"l-section-overlay\" style=\"background:linear-gradient(90deg,rgba(0,0,0,0.30),rgba(255,255,255,0.00))\"><\/div><div class=\"l-section-h i-cf\"><div class=\"g-cols via_flex valign_top type_default\"><div class=\"vc_col-sm-12 vc_col-lg-12 wpb_column vc_column_container has_text_color \"><div class=\"vc_column-inner us_custom_f3307c70 us_animate_this\"><div class=\"wpb_wrapper\"><div class=\"wpb_text_column\"><div class=\"wpb_wrapper\"><h2 style=\"text-align: center;\"><b>Vidal\u0131 Kompres\u00f6r Paketleri<\/b><\/h2>\n<\/div><\/div><\/div><\/div><\/div><\/div><\/div><\/section><section class=\"l-section wpb_row height_large color_alternate\"><div class=\"l-section-h i-cf\"><div class=\"g-cols via_flex valign_top type_default\"><div class=\"vc_col-sm-12 wpb_column vc_column_container \"><div class=\"vc_column-inner us_custom_f70d789f us_animate_this\"><div class=\"wpb_wrapper\"><div class=\"wpb_text_column\"><div class=\"wpb_wrapper\"><h3 style=\"text-align: center;\"><strong>Talep edilen vidal\u0131 kompres\u00f6rleri proseslerinize m\u00fckemmel uyumlu \u015fekilde yerle\u015ftirmek i\u00e7in t\u00fcm paketi tasarl\u0131yoruz ve \u00fcretiyoruz.<\/strong><\/h3>\n<\/div><\/div><div class=\"wpb_text_column\"><div class=\"wpb_wrapper\"><h5 style=\"text-align: center;\">Bu ayn\u0131 zamanda kompres\u00f6r ana \u00fcniteleri d\u0131\u015f\u0131ndaki t\u00fcm proses ekipmanlar\u0131n\u0131n sisteme dahil edilmesi anlam\u0131na gelir.<\/h5>\n<\/div><\/div><div class=\"w-separator size_small\"><\/div><div class=\"w-btn-wrapper align_center\"><a class=\"w-btn us-btn-style_21 icon_atright\" title=\"Kontakt\" href=\"https:\/\/jclps.eu\/tr\/iletisim\/\"><span class=\"w-btn-label\">Bizimle ileti\u015fime ge\u00e7in<\/span><i class=\"far fa-long-arrow-right\"><\/i><\/a><\/div><\/div><\/div><\/div><\/div><\/div><\/section><section class=\"l-section wpb_row  hide_on_default hide_on_laptops height_auto width_full\"><div class=\"l-section-h i-cf\"><div class=\"g-cols via_flex valign_top type_default\"><div class=\"vc_col-sm-12 wpb_column vc_column_container\"><div class=\"vc_column-inner\"><div class=\"wpb_wrapper\"><div class=\"w-image us_custom_d89fe7f6 us_animate_this has_ratio align_none\"><div class=\"w-image-h\"><div style=\"padding-bottom:75%\"><\/div><img loading=\"lazy\" decoding=\"async\" width=\"1920\" height=\"1433\" src=\"https:\/\/alteseite.jclps.eu\/wp-content\/uploads\/2021\/12\/0123Industrie-Teile4048_LDN-3.png\" class=\"attachment-full size-full\" alt=\"\" srcset=\"https:\/\/alteseite.jclps.eu\/wp-content\/uploads\/2021\/12\/0123Industrie-Teile4048_LDN-3.png 1920w, https:\/\/alteseite.jclps.eu\/wp-content\/uploads\/2021\/12\/0123Industrie-Teile4048_LDN-3-300x224.png 300w, https:\/\/alteseite.jclps.eu\/wp-content\/uploads\/2021\/12\/0123Industrie-Teile4048_LDN-3-1024x764.png 1024w\" sizes=\"auto, (max-width: 1920px) 100vw, 1920px\" \/><\/div><\/div><\/div><\/div><\/div><\/div><\/div><\/section><section class=\"l-section wpb_row height_auto\"><div class=\"l-section-h i-cf\"><div class=\"g-cols via_flex valign_middle type_default\"><div class=\"vc_col-sm-12 vc_col-lg-6 vc_col-md-6 vc_hidden-sm vc_hidden-xs wpb_column vc_column_container  has_bg_color stretched\"><div class=\"vc_column-inner us_custom_576f1894 us_animate_this\"><div class=\"wpb_wrapper\"><div class=\"w-separator size_custom\" style=\"height:500px\"><\/div><\/div><\/div><\/div><div class=\"vc_col-sm-12 vc_col-lg-6 vc_col-md-6 wpb_column vc_column_container \"><div class=\"vc_column-inner us_custom_f70d789f us_animate_this\"><div class=\"wpb_wrapper\"><div class=\"w-separator size_large\"><\/div><div class=\"g-cols wpb_row via_flex valign_top type_default\"><div class=\"vc_col-sm-2 wpb_column vc_column_container\"><div class=\"vc_column-inner\"><div class=\"wpb_wrapper\"><\/div><\/div><\/div><div class=\"vc_col-sm-12 vc_col-lg-10 vc_col-md-10 wpb_column vc_column_container\"><div class=\"vc_column-inner\"><div class=\"wpb_wrapper\"><div class=\"wpb_text_column\"><div class=\"wpb_wrapper\"><h2><strong>S\u00fcrekli bas\u0131n\u00e7 i\u00e7in vidal\u0131 kompres\u00f6rler<\/strong><\/h2>\n<\/div><\/div><div class=\"wpb_text_column\"><div class=\"wpb_wrapper\"><p>T\u00fcm end\u00fcstriler, end\u00fcstriyel s\u00fcre\u00e7ler i\u00e7in gerekli bas\u0131n\u00e7l\u0131 hava beslemesini garanti alt\u0131na almak i\u00e7in vidal\u0131 kompres\u00f6rler kullan\u0131r. Hava sisteminiz i\u00e7in hava kompres\u00f6r\u00fc olarak son derece sa\u011flam ve s\u00fcrekli \u00e7al\u0131\u015fan vidal\u0131 kompres\u00f6rler tasarl\u0131yoruz. Az bak\u0131m gerektiren g\u00fcvenilir vidal\u0131 kompres\u00f6rlere \u00f6nem veren herkes bizim i\u00e7in tam olarak do\u011fru ortakt\u0131r. Her vidal\u0131 kompres\u00f6r paketini m\u00fc\u015fterilerimizin gereksinimlerine g\u00f6re ayr\u0131 ayr\u0131 \u00f6zelle\u015ftiriyoruz. Esnek kompres\u00f6r \u00e7\u00f6z\u00fcmlerimizle, d\u00fc\u015f\u00fck enerji maliyetleri ve ekonomik, verimli \u00e7al\u0131\u015fan bir makine sunuyoruz.<\/p>\n<\/div><\/div><\/div><\/div><\/div><\/div><div class=\"w-separator size_large\"><\/div><\/div><\/div><\/div><\/div><\/div><\/section><section class=\"l-section wpb_row us_custom_09e06e6f height_large\"><div class=\"l-section-h i-cf\"><div class=\"g-cols via_flex valign_top type_default\"><div class=\"vc_col-sm-12 wpb_column vc_column_container\"><div class=\"vc_column-inner\"><div class=\"wpb_wrapper\"><div class=\"g-cols wpb_row via_flex valign_top type_default\"><div class=\"vc_col-sm-12 wpb_column vc_column_container\"><div class=\"vc_column-inner\"><div class=\"wpb_wrapper\"><div class=\"wpb_text_column us_custom_68da29ff has_text_color us_animate_this\"><div class=\"wpb_wrapper\"><p>JCL<\/p>\n<\/div><\/div><div class=\"wpb_text_column us_custom_f0a5164e us_animate_this\"><div class=\"wpb_wrapper\"><h2 style=\"text-align: left;\"><strong>Vidal\u0131 kompres\u00f6r paketlerimiz i\u00e7in yayg\u0131n uygulama alanlar\u0131<\/strong><\/h2>\n<\/div><\/div><\/div><\/div><\/div><\/div><div class=\"w-separator size_medium\"><\/div><div class=\"g-cols wpb_row us_custom_eef8cd3b has_text_color us_animate_this via_flex valign_top type_default\"><div class=\"vc_col-sm-4 wpb_column vc_column_container\"><div class=\"vc_column-inner\"><div class=\"wpb_wrapper\"><div class=\"wpb_text_column\"><div class=\"wpb_wrapper\"><ul>\n<li><strong><strong>Petrokimya tesisleri<\/strong><\/strong><\/li>\n<\/ul>\n<\/div><\/div><div class=\"w-separator  hide_on_mobiles size_small\"><\/div><div class=\"wpb_text_column\"><div class=\"wpb_wrapper\"><ul>\n<li><strong><strong>Gaz alg\u0131lama sistemleri<\/strong><\/strong><\/li>\n<\/ul>\n<\/div><\/div><\/div><\/div><\/div><div class=\"vc_col-sm-4 wpb_column vc_column_container\"><div class=\"vc_column-inner\"><div class=\"wpb_wrapper\"><div class=\"w-separator  hide_on_default hide_on_laptops hide_on_tablets size_small\"><\/div><div class=\"wpb_text_column\"><div class=\"wpb_wrapper\"><ul>\n<li><strong><strong>Enerji santralleri<\/strong><\/strong><\/li>\n<\/ul>\n<\/div><\/div><div class=\"w-separator  hide_on_mobiles size_small\"><\/div><div class=\"wpb_text_column\"><div class=\"wpb_wrapper\"><ul>\n<li><strong><strong>Kurutucular<\/strong><\/strong><\/li>\n<\/ul>\n<\/div><\/div><\/div><\/div><\/div><div class=\"vc_col-sm-4 wpb_column vc_column_container\"><div class=\"vc_column-inner\"><div class=\"wpb_wrapper\"><div class=\"w-separator  hide_on_default hide_on_laptops hide_on_tablets size_small\"><\/div><div class=\"wpb_text_column\"><div class=\"wpb_wrapper\"><ul>\n<li><strong><strong>Gaz filtrasyon sistemleri<\/strong><\/strong><\/li>\n<\/ul>\n<\/div><\/div><div class=\"w-separator  hide_on_mobiles size_small\"><\/div><div class=\"wpb_text_column\"><div class=\"wpb_wrapper\"><ul>\n<li><strong><strong>Kapal\u0131 so\u011futma devresi sistemleri<\/strong><\/strong><\/li>\n<\/ul>\n<\/div><\/div><\/div><\/div><\/div><\/div><div class=\"w-separator size_small\"><\/div><div class=\"w-separator size_large\"><\/div><div class=\"w-grid us_custom_6eef1e9e us_animate_this type_carousel layout_11759 cols_2\" id=\"us_grid_1\"><style>#us_grid_1 .w-grid-item{padding:1.5rem}#us_grid_1 .w-grid-list{margin:-1.5rem}.w-grid + #us_grid_1 .w-grid-list,.w-grid-none + #us_grid_1 .w-grid-list{margin-top:1.5rem}.layout_11759 .w-grid-item-h{border-radius:0.7rem;box-shadow:0 0.09rem 0.18rem rgba(0,0,0,0.1),0 0.3rem 0.9rem rgba(0,0,0,0.1);transition-duration:0.3s}.no-touch .layout_11759 .w-grid-item-h:hover{box-shadow:0 0.16rem 0.32rem rgba(0,0,0,0.1),0 0.53rem 1.6rem rgba(0,0,0,0.15);z-index:4}.layout_11759 .usg_post_image_1{position:static!important}<\/style><div class=\"w-grid-list owl-carousel navstyle_28 navpos_inside\" style=\"--arrows-size:19px;\">\t<article class=\"w-grid-item post-12292 attachment type-attachment status-inherit hentry\" data-id=\"12292\">\r\n\t\t<div class=\"w-grid-item-h\">\r\n\t\t\t\t\t\t<div class=\"w-post-elm post_image usg_post_image_1 has_ratio\"><div style=\"padding-bottom:75%\"><\/div><a href=\"https:\/\/alteseite.jclps.eu\/wp-content\/uploads\/2021\/12\/Industrie-Teile4048_LDN-3-1-1.png\" ref=\"magnificPopup\" aria-label=\"Industrie-Teile4048_LDN-3-1\"><img loading=\"lazy\" decoding=\"async\" width=\"1920\" height=\"1433\" src=\"https:\/\/alteseite.jclps.eu\/wp-content\/uploads\/2021\/12\/Industrie-Teile4048_LDN-3-1-1.png\" class=\"attachment-full size-full\" alt=\"\" srcset=\"https:\/\/alteseite.jclps.eu\/wp-content\/uploads\/2021\/12\/Industrie-Teile4048_LDN-3-1-1.png 1920w, https:\/\/alteseite.jclps.eu\/wp-content\/uploads\/2021\/12\/Industrie-Teile4048_LDN-3-1-1-300x224.png 300w, https:\/\/alteseite.jclps.eu\/wp-content\/uploads\/2021\/12\/Industrie-Teile4048_LDN-3-1-1-1024x764.png 1024w\" sizes=\"auto, (max-width: 1920px) 100vw, 1920px\" \/><\/a><\/div>\t\t<\/div>\r\n\t<\/article>\r\n\t<article class=\"w-grid-item post-12290 attachment type-attachment status-inherit hentry\" data-id=\"12290\">\r\n\t\t<div class=\"w-grid-item-h\">\r\n\t\t\t\t\t\t<div class=\"w-post-elm post_image usg_post_image_1 has_ratio\"><div style=\"padding-bottom:75%\"><\/div><a href=\"https:\/\/alteseite.jclps.eu\/wp-content\/uploads\/2021\/12\/2_-Industrie-Teile4048_LDN-3-1.png\" ref=\"magnificPopup\" aria-label=\"2_-Industrie-Teile4048_LDN-3\"><img loading=\"lazy\" decoding=\"async\" width=\"1920\" height=\"1433\" src=\"https:\/\/alteseite.jclps.eu\/wp-content\/uploads\/2021\/12\/2_-Industrie-Teile4048_LDN-3-1.png\" class=\"attachment-full size-full\" alt=\"\" srcset=\"https:\/\/alteseite.jclps.eu\/wp-content\/uploads\/2021\/12\/2_-Industrie-Teile4048_LDN-3-1.png 1920w, https:\/\/alteseite.jclps.eu\/wp-content\/uploads\/2021\/12\/2_-Industrie-Teile4048_LDN-3-1-300x224.png 300w, https:\/\/alteseite.jclps.eu\/wp-content\/uploads\/2021\/12\/2_-Industrie-Teile4048_LDN-3-1-1024x764.png 1024w\" sizes=\"auto, (max-width: 1920px) 100vw, 1920px\" \/><\/a><\/div>\t\t<\/div>\r\n\t<\/article>\r\n\t<article class=\"w-grid-item post-12288 attachment type-attachment status-inherit hentry\" data-id=\"12288\">\r\n\t\t<div class=\"w-grid-item-h\">\r\n\t\t\t\t\t\t<div class=\"w-post-elm post_image usg_post_image_1 has_ratio\"><div style=\"padding-bottom:75%\"><\/div><a href=\"https:\/\/alteseite.jclps.eu\/wp-content\/uploads\/2021\/12\/01_-Industrie-Teile4048_LDN-3-1.png\" ref=\"magnificPopup\" aria-label=\"01_-Industrie-Teile4048_LDN-3\"><img loading=\"lazy\" decoding=\"async\" width=\"1920\" height=\"1433\" src=\"https:\/\/alteseite.jclps.eu\/wp-content\/uploads\/2021\/12\/01_-Industrie-Teile4048_LDN-3-1.png\" class=\"attachment-full size-full\" alt=\"\" srcset=\"https:\/\/alteseite.jclps.eu\/wp-content\/uploads\/2021\/12\/01_-Industrie-Teile4048_LDN-3-1.png 1920w, https:\/\/alteseite.jclps.eu\/wp-content\/uploads\/2021\/12\/01_-Industrie-Teile4048_LDN-3-1-300x224.png 300w, https:\/\/alteseite.jclps.eu\/wp-content\/uploads\/2021\/12\/01_-Industrie-Teile4048_LDN-3-1-1024x764.png 1024w\" sizes=\"auto, (max-width: 1920px) 100vw, 1920px\" \/><\/a><\/div>\t\t<\/div>\r\n\t<\/article>\r\n<\/div><div class=\"g-preloader type_1\">\r\n\t<div><\/div>\r\n<\/div>\r\n\t<div class=\"w-grid-json hidden\" onclick='return {&quot;action&quot;:&quot;us_ajax_grid&quot;,&quot;ajax_url&quot;:&quot;https:\\\/\\\/alteseite.jclps.eu\\\/wp-admin\\\/admin-ajax.php&quot;,&quot;infinite_scroll&quot;:0,&quot;max_num_pages&quot;:1,&quot;pagination&quot;:&quot;none&quot;,&quot;permalink_url&quot;:&quot;https:\\\/\\\/alteseite.jclps.eu\\\/tr\\\/wp-json\\\/wp\\\/v2\\\/pages\\\/12547\\\/&quot;,&quot;template_vars&quot;:{&quot;columns&quot;:&quot;2&quot;,&quot;exclude_items&quot;:&quot;none&quot;,&quot;img_size&quot;:&quot;default&quot;,&quot;ignore_items_size&quot;:false,&quot;items_layout&quot;:&quot;11759&quot;,&quot;items_offset&quot;:&quot;1&quot;,&quot;load_animation&quot;:&quot;none&quot;,&quot;overriding_link&quot;:&quot;none&quot;,&quot;post_id&quot;:12547,&quot;query_args&quot;:{&quot;post_type&quot;:[&quot;attachment&quot;],&quot;post__in&quot;:[&quot;11784&quot;,&quot;11783&quot;,&quot;11782&quot;],&quot;post_status&quot;:&quot;inherit&quot;,&quot;post_mime_type&quot;:&quot;image&quot;,&quot;posts_per_page&quot;:&quot;10&quot;},&quot;orderby_query_args&quot;:{&quot;orderby&quot;:{&quot;date&quot;:&quot;DESC&quot;}},&quot;type&quot;:&quot;carousel&quot;,&quot;us_grid_ajax_index&quot;:1,&quot;us_grid_filter_params&quot;:null,&quot;us_grid_index&quot;:1,&quot;_us_grid_post_type&quot;:&quot;attachment&quot;,&quot;lang&quot;:&quot;tr&quot;},&quot;carousel_settings&quot;:{&quot;autoHeight&quot;:0,&quot;autoplay&quot;:0,&quot;carousel_fade&quot;:0,&quot;center&quot;:0,&quot;dots&quot;:0,&quot;items&quot;:&quot;2&quot;,&quot;loop&quot;:false,&quot;nav&quot;:1,&quot;slideby&quot;:&quot;1&quot;,&quot;smooth_play&quot;:0,&quot;speed&quot;:250,&quot;timeout&quot;:3000,&quot;transition&quot;:&quot;&quot;},&quot;carousel_breakpoints&quot;:{&quot;1200&quot;:{&quot;items&quot;:2},&quot;900&quot;:{&quot;autoHeight&quot;:0,&quot;autoplay&quot;:1,&quot;autoplayHoverPause&quot;:1,&quot;items&quot;:&quot;2&quot;,&quot;loop&quot;:false},&quot;600&quot;:{&quot;autoHeight&quot;:0,&quot;autoplay&quot;:1,&quot;autoplayHoverPause&quot;:1,&quot;items&quot;:2,&quot;loop&quot;:false},&quot;0&quot;:{&quot;autoHeight&quot;:0,&quot;autoplay&quot;:1,&quot;autoplayHoverPause&quot;:1,&quot;items&quot;:1,&quot;loop&quot;:true}}}'><\/div>\r\n\t<\/div><\/div><\/div><\/div><\/div><\/div><\/section><section class=\"l-section wpb_row us_custom_297f3d2a has_text_color height_large\"><div class=\"l-section-h i-cf\"><div class=\"g-cols via_flex valign_top type_default\"><div class=\"vc_col-sm-2 wpb_column vc_column_container\"><div class=\"vc_column-inner\"><div class=\"wpb_wrapper\"><\/div><\/div><\/div><div class=\"vc_col-sm-12 vc_col-lg-8 wpb_column vc_column_container \"><div class=\"vc_column-inner us_custom_60d41d4e us_animate_this\"><div class=\"wpb_wrapper\"><div class=\"g-cols wpb_row via_flex valign_top type_default\"><div class=\"vc_col-sm-12 wpb_column vc_column_container\"><div class=\"vc_column-inner\"><div class=\"wpb_wrapper\"><div class=\"wpb_text_column us_custom_8c38c618 has_text_color\"><div class=\"wpb_wrapper\"><p style=\"text-align: center;\">\u0130ste\u011fe g\u00f6re uyarlanm\u0131\u015f<\/p>\n<\/div><\/div><div class=\"wpb_text_column\"><div class=\"wpb_wrapper\"><h2 class=\"elementor-heading-title elementor-size-default\" style=\"text-align: center;\">G\u00fcvenilir bi\u00e7imde\u00a0\u00e7al\u0131\u015fan\u00a0vidal\u0131 kompres\u00f6rler.<\/h2>\n<\/div><\/div><div class=\"w-separator size_small\"><\/div><div class=\"w-btn-wrapper align_none\"><a class=\"w-btn us-btn-style_21 icon_atright\" href=\"https:\/\/jclps.eu\/tr\/iletisim\/\"><span class=\"w-btn-label\">Bizimle ileti\u015fime ge\u00e7in<\/span><i class=\"far fa-long-arrow-right\"><\/i><\/a><\/div><\/div><\/div><\/div><\/div><\/div><\/div><\/div><div class=\"vc_col-sm-2 wpb_column vc_column_container\"><div class=\"vc_column-inner\"><div class=\"wpb_wrapper\"><\/div><\/div><\/div><\/div><\/div><\/section>\n","protected":false},"excerpt":{"rendered":"","protected":false},"author":2,"featured_media":0,"parent":12500,"menu_order":0,"comment_status":"closed","ping_status":"closed","template":"","meta":{"footnotes":"","_links_to":"","_links_to_target":""},"class_list":["post-12547","page","type-page","status-publish","hentry"],"_links":{"self":[{"href":"https:\/\/alteseite.jclps.eu\/tr\/wp-json\/wp\/v2\/pages\/12547","targetHints":{"allow":["GET"]}}],"collection":[{"href":"https:\/\/alteseite.jclps.eu\/tr\/wp-json\/wp\/v2\/pages"}],"about":[{"href":"https:\/\/alteseite.jclps.eu\/tr\/wp-json\/wp\/v2\/types\/page"}],"author":[{"embeddable":true,"href":"https:\/\/alteseite.jclps.eu\/tr\/wp-json\/wp\/v2\/users\/2"}],"replies":[{"embeddable":true,"href":"https:\/\/alteseite.jclps.eu\/tr\/wp-json\/wp\/v2\/comments?post=12547"}],"version-history":[{"count":10,"href":"https:\/\/alteseite.jclps.eu\/tr\/wp-json\/wp\/v2\/pages\/12547\/revisions"}],"predecessor-version":[{"id":13233,"href":"https:\/\/alteseite.jclps.eu\/tr\/wp-json\/wp\/v2\/pages\/12547\/revisions\/13233"}],"up":[{"embeddable":true,"href":"https:\/\/alteseite.jclps.eu\/tr\/wp-json\/wp\/v2\/pages\/12500"}],"wp:attachment":[{"href":"https:\/\/alteseite.jclps.eu\/tr\/wp-json\/wp\/v2\/media?parent=12547"}],"curies":[{"name":"wp","href":"https:\/\/api.w.org\/{rel}","templated":true}]}}