{"id":12535,"date":"2022-01-30T12:52:53","date_gmt":"2022-01-30T11:52:53","guid":{"rendered":"https:\/\/jclps.eu\/turbo-ve-kompresoer-makineleri\/kolbenkompressorenpakete\/"},"modified":"2022-09-15T15:33:29","modified_gmt":"2022-09-15T13:33:29","slug":"pistonlu-kompresoer-paketleri","status":"publish","type":"page","link":"https:\/\/alteseite.jclps.eu\/tr\/turbo-ve-kompresoer-makineleri\/pistonlu-kompresoer-paketleri\/","title":{"rendered":"Pistonlu kompres\u00f6r paketleri"},"content":{"rendered":"<section class=\"l-section wpb_row us_custom_275532f7 height_huge\"><div class=\"l-section-overlay\" style=\"background:rgba(2,39,77,0.60)\"><\/div><div class=\"l-section-h i-cf\"><div class=\"g-cols via_flex valign_top type_default\"><div class=\"vc_col-sm-12 vc_col-lg-12 wpb_column vc_column_container has_text_color \"><div class=\"vc_column-inner us_custom_f3307c70 us_animate_this\"><div class=\"wpb_wrapper\"><div class=\"wpb_text_column  hide_on_tablets hide_on_mobiles\"><div class=\"wpb_wrapper\"><h2 style=\"text-align: center;\"><b>Pistonlu kompres\u00f6r paketleri<\/b><\/h2>\n<\/div><\/div><div class=\"wpb_text_column  hide_on_default hide_on_laptops\"><div class=\"wpb_wrapper\"><h2 style=\"text-align: center;\"><b> Pistonlu kompres\u00f6r<br \/>\npaketleri<\/b><\/h2>\n<\/div><\/div><\/div><\/div><\/div><\/div><\/div><\/section><section class=\"l-section wpb_row us_custom_c3b7b9d2 has_text_color height_large\"><div class=\"l-section-h i-cf\"><div class=\"g-cols via_flex valign_top type_default\"><div class=\"vc_col-sm-12 wpb_column vc_column_container \"><div class=\"vc_column-inner us_custom_f70d789f us_animate_this\"><div class=\"wpb_wrapper\"><div class=\"g-cols wpb_row via_flex valign_top type_default\"><div class=\"vc_col-sm-6 vc_col-lg-3 vc_col-md-3 wpb_column vc_column_container\"><div class=\"vc_column-inner\"><div class=\"wpb_wrapper\"><div class=\"w-iconbox us_custom_064d3121 iconpos_top style_circle color_custom align_center no_text\"><div class=\"w-iconbox-icon\" style=\"font-size:2rem;background:rgba(0,0,0,0.15);color:var(--color-header-middle-bg);\"><i class=\"far fa-check\"><\/i><\/div><div class=\"w-iconbox-meta\"><p class=\"w-iconbox-title\">Gereksinimlerinize ve s\u00fcre\u00e7lerinize esnek bir \u015fekilde uyarlanabilir<\/p><\/div><\/div><div class=\"w-separator  hide_on_default hide_on_laptops size_medium\"><\/div><\/div><\/div><\/div><div class=\"vc_col-sm-6 vc_col-lg-3 vc_col-md-3 wpb_column vc_column_container\"><div class=\"vc_column-inner\"><div class=\"wpb_wrapper\"><div class=\"w-iconbox us_custom_064d3121 iconpos_top style_circle color_custom align_center no_text\"><div class=\"w-iconbox-icon\" style=\"font-size:2rem;background:rgba(0,0,0,0.15);color:var(--color-header-middle-bg);\"><i class=\"far fa-check\"><\/i><\/div><div class=\"w-iconbox-meta\"><p class=\"w-iconbox-title\">Y\u00fcksek kalite<br \/>\nve g\u00fcvenilirlik<\/p><\/div><\/div><div class=\"w-separator  hide_on_default hide_on_laptops size_medium\"><\/div><\/div><\/div><\/div><div class=\"vc_col-sm-6 vc_col-lg-3 vc_col-md-3 wpb_column vc_column_container\"><div class=\"vc_column-inner\"><div class=\"wpb_wrapper\"><div class=\"w-iconbox us_custom_064d3121 iconpos_top style_circle color_custom align_center no_text\"><div class=\"w-iconbox-icon\" style=\"font-size:2rem;background:rgba(0,0,0,0.15);color:var(--color-header-middle-bg);\"><i class=\"far fa-check\"><\/i><\/div><div class=\"w-iconbox-meta\"><p class=\"w-iconbox-title\">Daha az bak\u0131m ihtiyac\u0131<\/p><\/div><\/div><div class=\"w-separator  hide_on_default hide_on_laptops hide_on_tablets size_medium\"><\/div><\/div><\/div><\/div><div class=\"vc_col-sm-6 vc_col-lg-3 vc_col-md-3 wpb_column vc_column_container\"><div class=\"vc_column-inner\"><div class=\"wpb_wrapper\"><div class=\"w-iconbox us_custom_064d3121 iconpos_top style_circle color_custom align_center no_text\"><div class=\"w-iconbox-icon\" style=\"font-size:2rem;background:rgba(0,0,0,0.15);color:var(--color-header-middle-bg);\"><i class=\"far fa-check\"><\/i><\/div><div class=\"w-iconbox-meta\"><p class=\"w-iconbox-title\">S\u0131k y\u00fck de\u011fi\u015fimleri i\u00e7in m\u00fckemmel \u00e7\u00f6z\u00fcm<\/p><\/div><\/div><\/div><\/div><\/div><\/div><\/div><\/div><\/div><\/div><\/div><\/section><section class=\"l-section wpb_row  hide_on_default hide_on_laptops height_auto width_full\"><div class=\"l-section-h i-cf\"><div class=\"g-cols via_flex valign_top type_default\"><div class=\"vc_col-sm-12 wpb_column vc_column_container\"><div class=\"vc_column-inner\"><div class=\"wpb_wrapper\"><div class=\"w-image us_custom_417d81f7 us_animate_this has_ratio align_none\"><div class=\"w-image-h\"><div style=\"padding-bottom:75%\"><\/div><img loading=\"lazy\" decoding=\"async\" width=\"710\" height=\"552\" src=\"https:\/\/alteseite.jclps.eu\/wp-content\/uploads\/2022\/05\/allowed2-1.png\" class=\"attachment-full size-full\" alt=\"\" srcset=\"https:\/\/alteseite.jclps.eu\/wp-content\/uploads\/2022\/05\/allowed2-1.png 710w, https:\/\/alteseite.jclps.eu\/wp-content\/uploads\/2022\/05\/allowed2-1-300x233.png 300w\" sizes=\"auto, (max-width: 710px) 100vw, 710px\" \/><\/div><\/div><\/div><\/div><\/div><\/div><\/div><\/section><section class=\"l-section wpb_row height_auto\"><div class=\"l-section-h i-cf\"><div class=\"g-cols via_flex valign_middle type_default\"><div class=\"vc_col-sm-12 vc_col-lg-6 vc_col-md-6 vc_hidden-sm vc_hidden-xs wpb_column vc_column_container  has_bg_color stretched\"><div class=\"vc_column-inner us_custom_dbb5b530 us_animate_this\"><div class=\"wpb_wrapper\"><div class=\"w-separator size_custom\" style=\"height:500px\"><\/div><\/div><\/div><\/div><div class=\"vc_col-sm-12 vc_col-lg-6 vc_col-md-6 wpb_column vc_column_container \"><div class=\"vc_column-inner us_custom_f70d789f us_animate_this\"><div class=\"wpb_wrapper\"><div class=\"w-separator size_large\"><\/div><div class=\"g-cols wpb_row via_flex valign_top type_default\"><div class=\"vc_col-sm-2 wpb_column vc_column_container\"><div class=\"vc_column-inner\"><div class=\"wpb_wrapper\"><\/div><\/div><\/div><div class=\"vc_col-sm-12 vc_col-lg-10 vc_col-md-10 wpb_column vc_column_container\"><div class=\"vc_column-inner\"><div class=\"wpb_wrapper\"><div class=\"wpb_text_column\"><div class=\"wpb_wrapper\"><h2><strong>Her t\u00fcr prosesinizde kullan\u0131labilen Pistonlu Kompres\u00f6rler<br \/>\n<\/strong><\/h2>\n<\/div><\/div><div class=\"wpb_text_column\"><div class=\"wpb_wrapper\"><p>G\u00fc\u00e7l\u00fc pistonlu kompres\u00f6r paketlerimiz, dalgal\u0131 \u00e7al\u0131\u015fma ko\u015fullar\u0131na sahip end\u00fcstriyel prosesler i\u00e7in m\u00fckemmel \u015fekilde uyumludur. Bu ko\u015fullar alt\u0131nda bile, t\u00fcm ak\u0131\u015fkanlar\u0131n en uygun \u015fekilde s\u0131k\u0131\u015ft\u0131r\u0131lmas\u0131n\u0131 garanti edilmesi gerekir. Kompres\u00f6rlerimizin \u00fcretimi i\u00e7in sadece y\u00fcksek kaliteli bile\u015fenler kullan\u0131yoruz, b\u00f6ylece pistonlu kompres\u00f6r y\u00fcksek ortam s\u0131cakl\u0131klar\u0131nda da g\u00fcvenilir ve dayan\u0131kl\u0131 bir \u015fekilde sadece k\u00fc\u00e7\u00fck bir bak\u0131m i\u015flemi ile \u00e7al\u0131\u015f\u0131r.<\/p>\n<\/div><\/div><\/div><\/div><\/div><\/div><div class=\"w-separator size_large\"><\/div><\/div><\/div><\/div><\/div><\/div><\/section><section class=\"l-section wpb_row us_custom_09e06e6f height_large\"><div class=\"l-section-h i-cf\"><div class=\"g-cols via_flex valign_top type_default\"><div class=\"vc_col-sm-12 wpb_column vc_column_container\"><div class=\"vc_column-inner\"><div class=\"wpb_wrapper\"><div class=\"g-cols wpb_row via_flex valign_top type_default\"><div class=\"vc_col-sm-12 wpb_column vc_column_container\"><div class=\"vc_column-inner\"><div class=\"wpb_wrapper\"><div class=\"wpb_text_column us_custom_68da29ff has_text_color us_animate_this\"><div class=\"wpb_wrapper\"><p>JCL ve K\u00f6hler &amp; H\u00e4rter GmbH<\/p>\n<\/div><\/div><div class=\"wpb_text_column us_custom_f0a5164e us_animate_this\"><div class=\"wpb_wrapper\"><h2><strong>Pistonlu kompres\u00f6r paketleri \u2013 ba\u011flant\u0131 i\u00e7in haz\u0131r komple kurulumlar<\/strong><\/h2>\n<\/div><\/div><div class=\"wpb_text_column us_custom_f70d789f us_animate_this\"><div class=\"wpb_wrapper\"><p>Tedarik\u00e7ilerden sadece y\u00fcksek kaliteli pistonlu kompres\u00f6r bile\u015fenleri sat\u0131n al\u0131yor ve ard\u0131ndan t\u00fcm paketi T\u00fcrkiye fabrikam\u0131zda ba\u011flanmaya haz\u0131r komple kurulum olarak \u00fcretiyoruz. Deneyimli m\u00fchendislerden olu\u015fan uzman ekibimiz, proses gereksinimlerinize tam olarak uyan pistonlu kompres\u00f6r \u00e7\u00f6z\u00fcmleri \u00fczerinde \u00e7al\u0131\u015fmaktad\u0131r. T\u00fcm bu s\u00fcre\u00e7ler hizmet odakl\u0131 bir \u015fekilde ve her \u015feyden \u00f6nce g\u00fcvenilir bir \u015fekilde y\u00fcr\u00fct\u00fclmektedir.<\/p>\n<\/div><\/div><div class=\"w-separator size_small\"><\/div><div class=\"w-btn-wrapper align_left\"><a class=\"w-btn us-btn-style_1 us_custom_3683a75f us_animate_this icon_atright\" href=\"https:\/\/jclps.eu\/tr\/iletisim\/\"><span class=\"w-btn-label\">V\u0130DALI KOMPRES\u00d6R PAKET\u0130 TALEB\u0130<\/span><i class=\"far fa-long-arrow-right\"><\/i><\/a><\/div><\/div><\/div><\/div><\/div><\/div><\/div><\/div><\/div><\/div><\/section><section class=\"l-section wpb_row us_custom_297f3d2a has_text_color height_large\"><div class=\"l-section-h i-cf\"><div class=\"g-cols via_flex valign_top type_default\"><div class=\"vc_col-sm-2 wpb_column vc_column_container\"><div class=\"vc_column-inner\"><div class=\"wpb_wrapper\"><\/div><\/div><\/div><div class=\"vc_col-sm-12 vc_col-lg-8 wpb_column vc_column_container \"><div class=\"vc_column-inner us_custom_60d41d4e us_animate_this\"><div class=\"wpb_wrapper\"><div class=\"g-cols wpb_row via_flex valign_top type_default\"><div class=\"vc_col-sm-12 wpb_column vc_column_container\"><div class=\"vc_column-inner\"><div class=\"wpb_wrapper\"><div class=\"wpb_text_column us_custom_8c38c618 has_text_color\"><div class=\"wpb_wrapper\"><p style=\"text-align: center;\">Hizmet odakl\u0131 ve g\u00fcvenilir<\/p>\n<\/div><\/div><div class=\"wpb_text_column\"><div class=\"wpb_wrapper\"><h2 class=\"elementor-heading-title elementor-size-default\" style=\"text-align: center;\"><strong>End\u00fcstriyel s\u00fcre\u00e7lerinizde t\u00fcm ortamlar\u0131n optimum \u015fekilde s\u0131k\u0131\u015ft\u0131r\u0131lmas\u0131na \u00f6zen g\u00f6steriyoruz. Bir i\u015fbirli\u011fi ile ilgileniyor musunuz?<\/strong><\/h2>\n<\/div><\/div><div class=\"w-separator size_small\"><\/div><div class=\"w-btn-wrapper align_none\"><a class=\"w-btn us-btn-style_21 icon_atright\" href=\"https:\/\/jclps.eu\/tr\/iletisim\/\"><span class=\"w-btn-label\">Bizimle ileti\u015fime ge\u00e7in<\/span><i class=\"far fa-long-arrow-right\"><\/i><\/a><\/div><\/div><\/div><\/div><\/div><\/div><\/div><\/div><div class=\"vc_col-sm-2 wpb_column vc_column_container\"><div class=\"vc_column-inner\"><div class=\"wpb_wrapper\"><\/div><\/div><\/div><\/div><\/div><\/section>\n","protected":false},"excerpt":{"rendered":"Pistonlu kompres\u00f6r paketleri Pistonlu kompres\u00f6r paketleri Gereksinimlerinize ve s\u00fcre\u00e7lerinize esnek bir \u015fekilde uyarlanabilirY\u00fcksek kalite ve g\u00fcvenilirlikDaha az bak\u0131m ihtiyac\u0131S\u0131k y\u00fck de\u011fi\u015fimleri i\u00e7in m\u00fckemmel \u00e7\u00f6z\u00fcmHer t\u00fcr prosesinizde kullan\u0131labilen Pistonlu Kompres\u00f6rler G\u00fc\u00e7l\u00fc pistonlu kompres\u00f6r paketlerimiz, dalgal\u0131 \u00e7al\u0131\u015fma ko\u015fullar\u0131na sahip end\u00fcstriyel prosesler i\u00e7in m\u00fckemmel \u015fekilde uyumludur. Bu ko\u015fullar alt\u0131nda bile, t\u00fcm ak\u0131\u015fkanlar\u0131n en uygun \u015fekilde s\u0131k\u0131\u015ft\u0131r\u0131lmas\u0131n\u0131 garanti edilmesi...","protected":false},"author":2,"featured_media":0,"parent":12500,"menu_order":0,"comment_status":"closed","ping_status":"closed","template":"","meta":{"footnotes":"","_links_to":"","_links_to_target":""},"class_list":["post-12535","page","type-page","status-publish","hentry"],"_links":{"self":[{"href":"https:\/\/alteseite.jclps.eu\/tr\/wp-json\/wp\/v2\/pages\/12535","targetHints":{"allow":["GET"]}}],"collection":[{"href":"https:\/\/alteseite.jclps.eu\/tr\/wp-json\/wp\/v2\/pages"}],"about":[{"href":"https:\/\/alteseite.jclps.eu\/tr\/wp-json\/wp\/v2\/types\/page"}],"author":[{"embeddable":true,"href":"https:\/\/alteseite.jclps.eu\/tr\/wp-json\/wp\/v2\/users\/2"}],"replies":[{"embeddable":true,"href":"https:\/\/alteseite.jclps.eu\/tr\/wp-json\/wp\/v2\/comments?post=12535"}],"version-history":[{"count":10,"href":"https:\/\/alteseite.jclps.eu\/tr\/wp-json\/wp\/v2\/pages\/12535\/revisions"}],"predecessor-version":[{"id":13231,"href":"https:\/\/alteseite.jclps.eu\/tr\/wp-json\/wp\/v2\/pages\/12535\/revisions\/13231"}],"up":[{"embeddable":true,"href":"https:\/\/alteseite.jclps.eu\/tr\/wp-json\/wp\/v2\/pages\/12500"}],"wp:attachment":[{"href":"https:\/\/alteseite.jclps.eu\/tr\/wp-json\/wp\/v2\/media?parent=12535"}],"curies":[{"name":"wp","href":"https:\/\/api.w.org\/{rel}","templated":true}]}}