{"id":12523,"date":"2022-01-30T12:45:25","date_gmt":"2022-01-30T11:45:25","guid":{"rendered":"https:\/\/jclps.eu\/turbo-ve-kompresoer-makineleri\/turbokompressoren\/"},"modified":"2022-09-15T15:32:01","modified_gmt":"2022-09-15T13:32:01","slug":"turbo-kompresoerler","status":"publish","type":"page","link":"https:\/\/alteseite.jclps.eu\/tr\/turbo-ve-kompresoer-makineleri\/turbo-kompresoerler\/","title":{"rendered":"Turbo kompres\u00f6rler"},"content":{"rendered":"<section class=\"l-section wpb_row us_custom_d434327a height_huge\"><div class=\"l-section-overlay\" style=\"background:linear-gradient(90deg,rgba(0,0,0,0.30),rgba(255,255,255,0.00))\"><\/div><div class=\"l-section-h i-cf\"><div class=\"g-cols via_flex valign_top type_default\"><div class=\"vc_col-sm-12 vc_col-lg-12 wpb_column vc_column_container has_text_color \"><div class=\"vc_column-inner us_custom_f3307c70 us_animate_this\"><div class=\"wpb_wrapper\"><div class=\"wpb_text_column\"><div class=\"wpb_wrapper\"><h2 style=\"text-align: center;\"><b>Turbo kompres\u00f6rler<\/b><\/h2>\n<\/div><\/div><\/div><\/div><\/div><\/div><\/div><\/section><section class=\"l-section wpb_row height_large color_alternate\"><div class=\"l-section-h i-cf\"><div class=\"g-cols via_flex valign_top type_default\"><div class=\"vc_col-sm-12 wpb_column vc_column_container \"><div class=\"vc_column-inner us_custom_f70d789f us_animate_this\"><div class=\"wpb_wrapper\"><div class=\"wpb_text_column\"><div class=\"wpb_wrapper\"><h3 class=\"elementor-heading-title elementor-size-default\" style=\"text-align: center;\"><strong>Turbo kompres\u00f6r \u00fcretimi<\/strong><\/h3>\n<\/div><\/div><div class=\"wpb_text_column\"><div class=\"wpb_wrapper\"><h5 style=\"text-align: center;\">Makine standard\u0131m\u0131zla, uygulaman\u0131z i\u00e7in h\u0131zl\u0131 bir \u015fekilde bir kompres\u00f6r belirliyoruz ve bu kompres\u00f6r daha sonra yap\u0131 ve imalattaki gereksinimlerinize ve s\u00fcre\u00e7lerinize g\u00f6re \u00f6zel olarak \u00fcretiliyor. Bizim taraf\u0131m\u0131zdan \u00fcretilen her turbo makine sadece y\u00fcksek kalite standard\u0131na sahip de\u011fil, ayn\u0131 zamanda benzersizdir. Turbo kompres\u00f6rlerimizin kalitesinden emin olun ve bizimle g\u00f6r\u00fc\u015fmeye ba\u015flay\u0131n.<\/h5>\n<\/div><\/div><div class=\"w-separator size_small\"><\/div><div class=\"w-btn-wrapper align_center\"><a class=\"w-btn us-btn-style_21 icon_atright\" href=\"https:\/\/jclps.eu\/tr\/iletisim\/\"><span class=\"w-btn-label\">HEMEN B\u0130LG\u0130 ALIN<\/span><i class=\"far fa-long-arrow-right\"><\/i><\/a><\/div><\/div><\/div><\/div><\/div><\/div><\/section><section class=\"l-section wpb_row  hide_on_default hide_on_laptops height_auto width_full\"><div class=\"l-section-h i-cf\"><div class=\"g-cols via_flex valign_top type_default\"><div class=\"vc_col-sm-12 wpb_column vc_column_container\"><div class=\"vc_column-inner\"><div class=\"wpb_wrapper\"><div class=\"w-image us_custom_d89fe7f6 us_animate_this has_ratio align_none\"><div class=\"w-image-h\"><div style=\"padding-bottom:75%\"><\/div><img loading=\"lazy\" decoding=\"async\" width=\"1920\" height=\"1303\" src=\"https:\/\/alteseite.jclps.eu\/wp-content\/uploads\/2021\/12\/Industrie-Teile4048_LDN-3.png\" class=\"attachment-full size-full\" alt=\"\" srcset=\"https:\/\/alteseite.jclps.eu\/wp-content\/uploads\/2021\/12\/Industrie-Teile4048_LDN-3.png 1920w, https:\/\/alteseite.jclps.eu\/wp-content\/uploads\/2021\/12\/Industrie-Teile4048_LDN-3-300x204.png 300w, https:\/\/alteseite.jclps.eu\/wp-content\/uploads\/2021\/12\/Industrie-Teile4048_LDN-3-1024x695.png 1024w\" sizes=\"auto, (max-width: 1920px) 100vw, 1920px\" \/><\/div><\/div><\/div><\/div><\/div><\/div><\/div><\/section><section class=\"l-section wpb_row height_auto\"><div class=\"l-section-h i-cf\"><div class=\"g-cols via_flex valign_middle type_default\"><div class=\"vc_col-sm-12 vc_col-lg-6 vc_col-md-6 vc_hidden-sm vc_hidden-xs wpb_column vc_column_container  has_bg_color stretched\"><div class=\"vc_column-inner us_custom_6406639f us_animate_this\"><div class=\"wpb_wrapper\"><div class=\"w-separator size_custom\" style=\"height:500px\"><\/div><\/div><\/div><\/div><div class=\"vc_col-sm-12 vc_col-lg-6 vc_col-md-6 wpb_column vc_column_container \"><div class=\"vc_column-inner us_custom_f70d789f us_animate_this\"><div class=\"wpb_wrapper\"><div class=\"w-separator size_large\"><\/div><div class=\"g-cols wpb_row via_flex valign_top type_default\"><div class=\"vc_col-sm-2 wpb_column vc_column_container\"><div class=\"vc_column-inner\"><div class=\"wpb_wrapper\"><\/div><\/div><\/div><div class=\"vc_col-sm-12 vc_col-lg-10 vc_col-md-10 wpb_column vc_column_container\"><div class=\"vc_column-inner\"><div class=\"wpb_wrapper\"><div class=\"wpb_text_column\"><div class=\"wpb_wrapper\"><h2><strong>En y\u00fcksek standartlardaki talepleriniz i\u00e7in<\/strong><\/h2>\n<\/div><\/div><div class=\"wpb_text_column\"><div class=\"wpb_wrapper\"><p>\u00c7elik veya metal \u00fcretim sanayisi, kimya end\u00fcstrisi ve petrol ve gaz end\u00fcstrisindeki \u015firketler, end\u00fcstriyel ama\u00e7lar\u0131 i\u00e7in s\u0131k\u0131\u015ft\u0131r\u0131lm\u0131\u015f ak\u0131\u015fkan sa\u011flayan y\u00fcksek performansl\u0131 kompres\u00f6rlere ihtiya\u00e7 duyarlar. Turbo kompres\u00f6r \u00e7\u00f6z\u00fcmlerimiz t\u00fcm beklentilere uyacak \u015fekilde yap\u0131land\u0131r\u0131lm\u0131\u015ft\u0131r ve en y\u00fcksek \u00fcretim standartlar\u0131na g\u00f6re \u00e7ok y\u00fcksek tahliye bas\u0131n\u00e7lar\u0131 ve hacim ak\u0131\u015flar\u0131yla prosesleri y\u00f6nlendirir.<\/p>\n<\/div><\/div><\/div><\/div><\/div><\/div><div class=\"w-separator size_large\"><\/div><\/div><\/div><\/div><\/div><\/div><\/section><section class=\"l-section wpb_row us_custom_09e06e6f height_large\"><div class=\"l-section-h i-cf\"><div class=\"g-cols via_flex valign_top type_default\"><div class=\"vc_col-sm-12 wpb_column vc_column_container\"><div class=\"vc_column-inner\"><div class=\"wpb_wrapper\"><div class=\"g-cols wpb_row via_flex valign_top type_default\"><div class=\"vc_col-sm-12 wpb_column vc_column_container\"><div class=\"vc_column-inner\"><div class=\"wpb_wrapper\"><div class=\"wpb_text_column us_custom_68da29ff has_text_color us_animate_this\"><div class=\"wpb_wrapper\"><p>JCL<\/p>\n<\/div><\/div><div class=\"wpb_text_column us_custom_f0a5164e us_animate_this\"><div class=\"wpb_wrapper\"><h2 style=\"text-align: left;\"><strong>\u00dcretti\u011fimiz turbo kompres\u00f6r \u00e7e\u015fitleri<\/strong><\/h2>\n<\/div><\/div><\/div><\/div><\/div><\/div><div class=\"w-separator size_medium\"><\/div><div class=\"g-cols wpb_row us_custom_14ec5a65 has_text_color us_animate_this via_flex valign_top type_default\"><div class=\"vc_col-sm-12 vc_col-lg-4 wpb_column vc_column_container\"><div class=\"vc_column-inner\"><div class=\"wpb_wrapper\"><div class=\"wpb_text_column\"><div class=\"wpb_wrapper\"><h4><strong>Entegre di\u015fli radyal kompres\u00f6rler<br \/>\n<\/strong><\/h4>\n<\/div><\/div><div class=\"wpb_text_column\"><div class=\"wpb_wrapper\"><p>\u00c7ok a\u015famal\u0131 paket olarak<\/p>\n<\/div><\/div><\/div><\/div><\/div><div class=\"vc_col-sm-12 vc_col-lg-4 wpb_column vc_column_container\"><div class=\"vc_column-inner\"><div class=\"wpb_wrapper\"><div class=\"w-separator  hide_on_default size_medium\"><\/div><div class=\"wpb_text_column\"><div class=\"wpb_wrapper\"><h4><strong>Tek \u015faftl\u0131 kompres\u00f6rler<\/strong><\/h4>\n<\/div><\/div><div class=\"wpb_text_column\"><div class=\"wpb_wrapper\"><p>t\u00fcm gaz kar\u0131\u015f\u0131mlar\u0131 i\u00e7in 200 bar (a) &#8216;ya kadar, 150.000 Nm3\/saate kadar hacim ak\u0131\u015f\u0131, 8 kademeye kadar<\/p>\n<\/div><\/div><\/div><\/div><\/div><div class=\"vc_col-sm-12 vc_col-lg-4 wpb_column vc_column_container\"><div class=\"vc_column-inner\"><div class=\"wpb_wrapper\"><div class=\"w-separator  hide_on_default size_medium\"><\/div><div class=\"wpb_text_column\"><div class=\"wpb_wrapper\"><h4><strong class=\"pastel-selectable-element\">Sonraki i\u015flem kademeleri i\u00e7in radyal kompres\u00f6rler<\/strong><\/h4>\n<\/div><\/div><div class=\"wpb_text_column\"><div class=\"wpb_wrapper\"><p>S\u00fcre\u00e7lerinizin s\u00fcrekli olarak y\u00fcr\u00fct\u00fclmesini sa\u011flamak<\/p>\n<\/div><\/div><\/div><\/div><\/div><\/div><div class=\"w-separator size_small\"><\/div><div class=\"w-separator size_large\"><\/div><div class=\"w-grid us_custom_6eef1e9e us_animate_this type_carousel layout_11759 cols_3\" id=\"us_grid_1\"><style>#us_grid_1 .w-grid-item{padding:1.5rem}#us_grid_1 .w-grid-list{margin:-1.5rem}.w-grid + #us_grid_1 .w-grid-list,.w-grid-none + #us_grid_1 .w-grid-list{margin-top:1.5rem}.layout_11759 .w-grid-item-h{border-radius:0.7rem;box-shadow:0 0.09rem 0.18rem rgba(0,0,0,0.1),0 0.3rem 0.9rem rgba(0,0,0,0.1);transition-duration:0.3s}.no-touch .layout_11759 .w-grid-item-h:hover{box-shadow:0 0.16rem 0.32rem rgba(0,0,0,0.1),0 0.53rem 1.6rem rgba(0,0,0,0.15);z-index:4}.layout_11759 .usg_post_image_1{position:static!important}<\/style><div class=\"w-grid-list owl-carousel navstyle_28 navpos_inside\" style=\"--arrows-size:19px;\">\t<article class=\"w-grid-item post-12286 attachment type-attachment status-inherit hentry\" data-id=\"12286\">\r\n\t\t<div class=\"w-grid-item-h\">\r\n\t\t\t\t\t\t<div class=\"w-post-elm post_image usg_post_image_1 has_ratio\"><div style=\"padding-bottom:75%\"><\/div><a href=\"https:\/\/alteseite.jclps.eu\/wp-content\/uploads\/2021\/12\/IMG_6986-scaled-1-1.jpeg\" ref=\"magnificPopup\" aria-label=\"IMG_6986-scaled-1\"><img loading=\"lazy\" decoding=\"async\" width=\"1440\" height=\"1920\" src=\"https:\/\/alteseite.jclps.eu\/wp-content\/uploads\/2021\/12\/IMG_6986-scaled-1-1.jpeg\" class=\"attachment-full size-full\" alt=\"\" srcset=\"https:\/\/alteseite.jclps.eu\/wp-content\/uploads\/2021\/12\/IMG_6986-scaled-1-1.jpeg 1440w, https:\/\/alteseite.jclps.eu\/wp-content\/uploads\/2021\/12\/IMG_6986-scaled-1-1-225x300.jpeg 225w, https:\/\/alteseite.jclps.eu\/wp-content\/uploads\/2021\/12\/IMG_6986-scaled-1-1-768x1024.jpeg 768w\" sizes=\"auto, (max-width: 1440px) 100vw, 1440px\" \/><\/a><\/div>\t\t<\/div>\r\n\t<\/article>\r\n\t<article class=\"w-grid-item post-12282 attachment type-attachment status-inherit hentry\" data-id=\"12282\">\r\n\t\t<div class=\"w-grid-item-h\">\r\n\t\t\t\t\t\t<div class=\"w-post-elm post_image usg_post_image_1 has_ratio\"><div style=\"padding-bottom:75%\"><\/div><a href=\"https:\/\/alteseite.jclps.eu\/wp-content\/uploads\/2021\/12\/IMG_6971-scaled-1-1.jpeg\" ref=\"magnificPopup\" aria-label=\"IMG_6971-scaled-1\"><img loading=\"lazy\" decoding=\"async\" width=\"1440\" height=\"1920\" src=\"https:\/\/alteseite.jclps.eu\/wp-content\/uploads\/2021\/12\/IMG_6971-scaled-1-1.jpeg\" class=\"attachment-full size-full\" alt=\"\" srcset=\"https:\/\/alteseite.jclps.eu\/wp-content\/uploads\/2021\/12\/IMG_6971-scaled-1-1.jpeg 1440w, https:\/\/alteseite.jclps.eu\/wp-content\/uploads\/2021\/12\/IMG_6971-scaled-1-1-225x300.jpeg 225w, https:\/\/alteseite.jclps.eu\/wp-content\/uploads\/2021\/12\/IMG_6971-scaled-1-1-768x1024.jpeg 768w\" sizes=\"auto, (max-width: 1440px) 100vw, 1440px\" \/><\/a><\/div>\t\t<\/div>\r\n\t<\/article>\r\n\t<article class=\"w-grid-item post-12280 attachment type-attachment status-inherit hentry\" data-id=\"12280\">\r\n\t\t<div class=\"w-grid-item-h\">\r\n\t\t\t\t\t\t<div class=\"w-post-elm post_image usg_post_image_1 has_ratio\"><div style=\"padding-bottom:75%\"><\/div><a href=\"https:\/\/alteseite.jclps.eu\/wp-content\/uploads\/2021\/12\/IMG_6967-scaled-1-1.jpeg\" ref=\"magnificPopup\" aria-label=\"IMG_6967-scaled-1\"><img loading=\"lazy\" decoding=\"async\" width=\"1440\" height=\"1920\" src=\"https:\/\/alteseite.jclps.eu\/wp-content\/uploads\/2021\/12\/IMG_6967-scaled-1-1.jpeg\" class=\"attachment-full size-full\" alt=\"\" srcset=\"https:\/\/alteseite.jclps.eu\/wp-content\/uploads\/2021\/12\/IMG_6967-scaled-1-1.jpeg 1440w, https:\/\/alteseite.jclps.eu\/wp-content\/uploads\/2021\/12\/IMG_6967-scaled-1-1-225x300.jpeg 225w, https:\/\/alteseite.jclps.eu\/wp-content\/uploads\/2021\/12\/IMG_6967-scaled-1-1-768x1024.jpeg 768w\" sizes=\"auto, (max-width: 1440px) 100vw, 1440px\" \/><\/a><\/div>\t\t<\/div>\r\n\t<\/article>\r\n\t<article class=\"w-grid-item post-12276 attachment type-attachment status-inherit hentry\" data-id=\"12276\">\r\n\t\t<div class=\"w-grid-item-h\">\r\n\t\t\t\t\t\t<div class=\"w-post-elm post_image usg_post_image_1 has_ratio\"><div style=\"padding-bottom:75%\"><\/div><a href=\"https:\/\/alteseite.jclps.eu\/wp-content\/uploads\/2021\/12\/IMG_6977-scaled-1-1.jpeg\" ref=\"magnificPopup\" aria-label=\"IMG_6977-scaled-1\"><img loading=\"lazy\" decoding=\"async\" width=\"1440\" height=\"1920\" src=\"https:\/\/alteseite.jclps.eu\/wp-content\/uploads\/2021\/12\/IMG_6977-scaled-1-1.jpeg\" class=\"attachment-full size-full\" alt=\"\" srcset=\"https:\/\/alteseite.jclps.eu\/wp-content\/uploads\/2021\/12\/IMG_6977-scaled-1-1.jpeg 1440w, https:\/\/alteseite.jclps.eu\/wp-content\/uploads\/2021\/12\/IMG_6977-scaled-1-1-225x300.jpeg 225w, https:\/\/alteseite.jclps.eu\/wp-content\/uploads\/2021\/12\/IMG_6977-scaled-1-1-768x1024.jpeg 768w\" sizes=\"auto, (max-width: 1440px) 100vw, 1440px\" \/><\/a><\/div>\t\t<\/div>\r\n\t<\/article>\r\n<\/div><div class=\"g-preloader type_1\">\r\n\t<div><\/div>\r\n<\/div>\r\n\t<div class=\"w-grid-json hidden\" onclick='return {&quot;action&quot;:&quot;us_ajax_grid&quot;,&quot;ajax_url&quot;:&quot;https:\\\/\\\/alteseite.jclps.eu\\\/wp-admin\\\/admin-ajax.php&quot;,&quot;infinite_scroll&quot;:0,&quot;max_num_pages&quot;:1,&quot;pagination&quot;:&quot;none&quot;,&quot;permalink_url&quot;:&quot;https:\\\/\\\/alteseite.jclps.eu\\\/tr\\\/wp-json\\\/wp\\\/v2\\\/pages\\\/12523\\\/&quot;,&quot;template_vars&quot;:{&quot;columns&quot;:&quot;3&quot;,&quot;exclude_items&quot;:&quot;none&quot;,&quot;img_size&quot;:&quot;default&quot;,&quot;ignore_items_size&quot;:false,&quot;items_layout&quot;:&quot;11759&quot;,&quot;items_offset&quot;:&quot;1&quot;,&quot;load_animation&quot;:&quot;none&quot;,&quot;overriding_link&quot;:&quot;none&quot;,&quot;post_id&quot;:12523,&quot;query_args&quot;:{&quot;post_type&quot;:[&quot;attachment&quot;],&quot;post__in&quot;:[&quot;11753&quot;,&quot;11755&quot;,&quot;11756&quot;,&quot;11758&quot;],&quot;post_status&quot;:&quot;inherit&quot;,&quot;post_mime_type&quot;:&quot;image&quot;,&quot;posts_per_page&quot;:&quot;10&quot;},&quot;orderby_query_args&quot;:{&quot;orderby&quot;:{&quot;date&quot;:&quot;DESC&quot;}},&quot;type&quot;:&quot;carousel&quot;,&quot;us_grid_ajax_index&quot;:1,&quot;us_grid_filter_params&quot;:null,&quot;us_grid_index&quot;:1,&quot;_us_grid_post_type&quot;:&quot;attachment&quot;,&quot;lang&quot;:&quot;tr&quot;},&quot;carousel_settings&quot;:{&quot;autoHeight&quot;:0,&quot;autoplay&quot;:0,&quot;carousel_fade&quot;:0,&quot;center&quot;:0,&quot;dots&quot;:0,&quot;items&quot;:&quot;3&quot;,&quot;loop&quot;:false,&quot;nav&quot;:1,&quot;slideby&quot;:&quot;1&quot;,&quot;smooth_play&quot;:0,&quot;speed&quot;:250,&quot;timeout&quot;:3000,&quot;transition&quot;:&quot;&quot;},&quot;carousel_breakpoints&quot;:{&quot;1200&quot;:{&quot;items&quot;:3},&quot;900&quot;:{&quot;autoHeight&quot;:0,&quot;autoplay&quot;:1,&quot;autoplayHoverPause&quot;:1,&quot;items&quot;:3,&quot;loop&quot;:false},&quot;600&quot;:{&quot;autoHeight&quot;:0,&quot;autoplay&quot;:1,&quot;autoplayHoverPause&quot;:1,&quot;items&quot;:2,&quot;loop&quot;:false},&quot;0&quot;:{&quot;autoHeight&quot;:0,&quot;autoplay&quot;:1,&quot;autoplayHoverPause&quot;:1,&quot;items&quot;:1,&quot;loop&quot;:true}}}'><\/div>\r\n\t<\/div><\/div><\/div><\/div><\/div><\/div><\/section><section class=\"l-section wpb_row height_medium\"><div class=\"l-section-h i-cf\"><div class=\"g-cols via_flex valign_middle type_default\"><div class=\"vc_col-sm-12 vc_col-lg-6 wpb_column vc_column_container \"><div class=\"vc_column-inner us_custom_6eef1e9e us_animate_this\"><div class=\"wpb_wrapper\"><div class=\"wpb_text_column\"><div class=\"wpb_wrapper\"><h2><strong>Turbo kompres\u00f6rlerimizden neden kar elde ediyorsunuz<\/strong><\/h2>\n<\/div><\/div><\/div><\/div><\/div><div class=\"vc_col-sm-12 vc_col-lg-6 wpb_column vc_column_container \"><div class=\"vc_column-inner us_custom_f70d789f us_animate_this\"><div class=\"wpb_wrapper\"><div class=\"w-separator  hide_on_default hide_on_laptops size_medium\"><\/div><div class=\"wpb_text_column\"><div class=\"wpb_wrapper\"><ul>\n<li class=\"jsx-88004160 comment\">Almanya&#8217;daki turbo kompres\u00f6rlerinizi Alman makine standartlar\u0131na g\u00f6re y\u00fcksek hassasiyetle \u00fcretiyoruz.<\/li>\n<li class=\"jsx-88004160 comment\">Turbo kompres\u00f6rlerimiz i\u00e7in sadece verimli k\u0131lavuz kanatlar\u0131 kullan\u0131yoruz.<\/li>\n<li class=\"jsx-88004160 comment\">Tabii ki, turbo kompres\u00f6rlerinizi kararla\u015ft\u0131r\u0131lan teslim s\u00fcresi i\u00e7inde al\u0131rs\u0131n\u0131z.<\/li>\n<li class=\"jsx-88004160 comment\">Radyal kompres\u00f6rlerimizi kullanarak i\u015fletme giderleriniz d\u00fc\u015fecektir.<\/li>\n<li class=\"jsx-88004160 comment\">Makinelerinizin ve \u00fcretim hatlar\u0131n\u0131z\u0131n g\u00fcvenilir bir \u015fekilde \u00e7al\u0131\u015fmas\u0131 i\u00e7in turbo kompres\u00f6rlerinizin bak\u0131m harcamalar\u0131n\u0131n minimuma indirilmesini sa\u011fl\u0131yoruz.<\/li>\n<\/ul>\n<\/div><\/div><\/div><\/div><\/div><div class=\"vc_col-sm-12 wpb_column vc_column_container\"><div class=\"vc_column-inner\"><div class=\"wpb_wrapper\"><div class=\"w-separator size_small\"><\/div><\/div><\/div><\/div><\/div><\/div><\/section><section class=\"l-section wpb_row us_custom_297f3d2a has_text_color height_large\"><div class=\"l-section-h i-cf\"><div class=\"g-cols via_flex valign_top type_default\"><div class=\"vc_col-sm-2 wpb_column vc_column_container\"><div class=\"vc_column-inner\"><div class=\"wpb_wrapper\"><\/div><\/div><\/div><div class=\"vc_col-sm-12 vc_col-lg-8 wpb_column vc_column_container \"><div class=\"vc_column-inner us_custom_60d41d4e us_animate_this\"><div class=\"wpb_wrapper\"><div class=\"g-cols wpb_row via_flex valign_top type_default\"><div class=\"vc_col-sm-12 wpb_column vc_column_container\"><div class=\"vc_column-inner\"><div class=\"wpb_wrapper\"><div class=\"wpb_text_column us_custom_8c38c618 has_text_color\"><div class=\"wpb_wrapper\"><p style=\"text-align: center;\">Garantili en y\u00fcksek kalite<\/p>\n<\/div><\/div><div class=\"wpb_text_column\"><div class=\"wpb_wrapper\"><h2 class=\"elementor-heading-title elementor-size-default\" style=\"text-align: center;\"><strong>Y\u00fcksek performansl\u0131 turbo kompres\u00f6rlere mi ihtiyac\u0131n\u0131z var? L\u00fctfen bizimle ileti\u015fime ge\u00e7mekten \u00e7ekinmeyin.<\/strong><\/h2>\n<\/div><\/div><div class=\"w-separator size_small\"><\/div><div class=\"w-btn-wrapper align_none\"><a class=\"w-btn us-btn-style_21 icon_atright\" href=\"https:\/\/jclps.eu\/tr\/iletisim\/\"><span class=\"w-btn-label\">Bizimle ileti\u015fime ge\u00e7in<\/span><i class=\"far fa-long-arrow-right\"><\/i><\/a><\/div><\/div><\/div><\/div><\/div><\/div><\/div><\/div><div class=\"vc_col-sm-2 wpb_column vc_column_container\"><div class=\"vc_column-inner\"><div class=\"wpb_wrapper\"><\/div><\/div><\/div><\/div><\/div><\/section>\n","protected":false},"excerpt":{"rendered":"","protected":false},"author":2,"featured_media":0,"parent":12500,"menu_order":0,"comment_status":"closed","ping_status":"closed","template":"","meta":{"footnotes":"","_links_to":"","_links_to_target":""},"class_list":["post-12523","page","type-page","status-publish","hentry"],"_links":{"self":[{"href":"https:\/\/alteseite.jclps.eu\/tr\/wp-json\/wp\/v2\/pages\/12523","targetHints":{"allow":["GET"]}}],"collection":[{"href":"https:\/\/alteseite.jclps.eu\/tr\/wp-json\/wp\/v2\/pages"}],"about":[{"href":"https:\/\/alteseite.jclps.eu\/tr\/wp-json\/wp\/v2\/types\/page"}],"author":[{"embeddable":true,"href":"https:\/\/alteseite.jclps.eu\/tr\/wp-json\/wp\/v2\/users\/2"}],"replies":[{"embeddable":true,"href":"https:\/\/alteseite.jclps.eu\/tr\/wp-json\/wp\/v2\/comments?post=12523"}],"version-history":[{"count":10,"href":"https:\/\/alteseite.jclps.eu\/tr\/wp-json\/wp\/v2\/pages\/12523\/revisions"}],"predecessor-version":[{"id":13230,"href":"https:\/\/alteseite.jclps.eu\/tr\/wp-json\/wp\/v2\/pages\/12523\/revisions\/13230"}],"up":[{"embeddable":true,"href":"https:\/\/alteseite.jclps.eu\/tr\/wp-json\/wp\/v2\/pages\/12500"}],"wp:attachment":[{"href":"https:\/\/alteseite.jclps.eu\/tr\/wp-json\/wp\/v2\/media?parent=12523"}],"curies":[{"name":"wp","href":"https:\/\/api.w.org\/{rel}","templated":true}]}}